{"id":476,"date":"2025-10-14T09:05:49","date_gmt":"2025-10-14T07:05:49","guid":{"rendered":"https:\/\/remko.ee\/?post_type=product&#038;p=476"},"modified":"2026-02-16T09:16:12","modified_gmt":"2026-02-16T07:16:12","slug":"toostusseadmete-kolimine-ja-paigaldus","status":"publish","type":"product","link":"https:\/\/remko.ee\/ru\/toostuslikud-seadmed\/teenused\/toostusseadmete-kolimine-ja-paigaldus\/","title":{"rendered":"T\u00f6\u00f6stusseadmete kolimine ja paigaldus"},"content":{"rendered":"<p>Remko Grupp O\u00dc pakub seadmete kolimist ja transpordi lahendusi nii Eestis kui ka v\u00e4lismaal.<\/p>\n<p>K\u00fcsi pakkumist info@remko.ee, 55510300.<\/p>\n<p>Pakume:<\/p>\n<ul>\n<li>T\u00f6\u00f6stusseadmete, masinate ja tootmisliinide kolimist ning \u00fcmberpaigutamist.<\/li>\n<li>Seadmete lahti- ja kokkupanekut.<\/li>\n<li>Telfrite ja t\u00f5steseadmete demonteerimist ja paigaldust.<\/li>\n<li>Seadmete transporti ja teisaldamist Eestis ja Soomes.<\/li>\n<li>Kolimise j\u00e4rgselt seadmete \u00fchendamist ja kontrolli.<\/li>\n<\/ul>\n<p>\u041f\u043e\u0447\u0435\u043c\u0443 \u0441\u0442\u043e\u0438\u0442 \u0432\u044b\u0431\u0440\u0430\u0442\u044c Remko?<\/p>\n<ul>\n<li>Kogenud ja v\u00e4lja\u00f5ppinud tehnikud.<\/li>\n<li>Kaasaegne t\u00f5ste- ja transpordivarustus.<\/li>\n<li>T\u00e4pne planeerimine ja ohutusn\u00f5uete j\u00e4rgimine.<\/li>\n<li>Paindlik teenus \u2013 t\u00f6\u00f6kojas, tootmishallis v\u00f5i kliendi objektil.<\/li>\n<li>Aastatepikkune kogemus t\u00f6\u00f6stusseadmete hoolduses ja paigalduses.<\/li>\n<\/ul>\n<p>Kui otsid usaldusv\u00e4\u00e4rset partnerit, kes teostab t\u00f6\u00f6stusseadmete kolimist, teisaldamist ja paigaldust t\u00e4pselt, ohutult ja \u00f5igeaegselt Eestis ja v\u00e4lismaal, siis Remko Grupp O\u00dc on kindel valik.<\/p>","protected":false},"excerpt":{"rendered":"<p>Remko Grupp O\u00dc pakub seadmete kolimist ja transpordi lahendusi nii Eestis kui ka v\u00e4lismaal. K\u00fcsi pakkumist info@remko.ee, 55510300. Pakume: T\u00f6\u00f6stusseadmete, masinate ja tootmisliinide kolimist ning \u00fcmberpaigutamist. Seadmete lahti- ja kokkupanekut. Telfrite ja t\u00f5steseadmete demonteerimist ja paigaldust. Seadmete transporti ja teisaldamist Eestis ja Soomes. Kolimise j\u00e4rgselt seadmete \u00fchendamist ja kontrolli. Miks valida Remko? Kogenud ja v\u00e4lja\u00f5ppinud [&hellip;]<\/p>","protected":false},"featured_media":481,"comment_status":"open","ping_status":"closed","template":"","meta":[],"product_brand":[],"product_cat":[33],"product_tag":[],"class_list":{"0":"post-476","1":"product","2":"type-product","3":"status-publish","4":"has-post-thumbnail","6":"product_cat-teenused","8":"first","9":"instock","10":"sale","11":"shipping-taxable","12":"purchasable","13":"product-type-simple"},"aioseo_notices":[],"_links":{"self":[{"href":"https:\/\/remko.ee\/ru\/wp-json\/wp\/v2\/product\/476","targetHints":{"allow":["GET"]}}],"collection":[{"href":"https:\/\/remko.ee\/ru\/wp-json\/wp\/v2\/product"}],"about":[{"href":"https:\/\/remko.ee\/ru\/wp-json\/wp\/v2\/types\/product"}],"replies":[{"embeddable":true,"href":"https:\/\/remko.ee\/ru\/wp-json\/wp\/v2\/comments?post=476"}],"wp:featuredmedia":[{"embeddable":true,"href":"https:\/\/remko.ee\/ru\/wp-json\/wp\/v2\/media\/481"}],"wp:attachment":[{"href":"https:\/\/remko.ee\/ru\/wp-json\/wp\/v2\/media?parent=476"}],"wp:term":[{"taxonomy":"product_brand","embeddable":true,"href":"https:\/\/remko.ee\/ru\/wp-json\/wp\/v2\/product_brand?post=476"},{"taxonomy":"product_cat","embeddable":true,"href":"https:\/\/remko.ee\/ru\/wp-json\/wp\/v2\/product_cat?post=476"},{"taxonomy":"product_tag","embeddable":true,"href":"https:\/\/remko.ee\/ru\/wp-json\/wp\/v2\/product_tag?post=476"}],"curies":[{"name":"wp","href":"https:\/\/api.w.org\/{rel}","templated":true}]}}