{"id":474,"date":"2025-10-14T08:59:22","date_gmt":"2025-10-14T06:59:22","guid":{"rendered":"https:\/\/remko.ee\/?post_type=product&#038;p=474"},"modified":"2025-10-14T08:59:22","modified_gmt":"2025-10-14T06:59:22","slug":"treimistood-ja-metallosade-eritellimused","status":"publish","type":"product","link":"https:\/\/remko.ee\/ru\/toostuslikud-seadmed\/teenused\/treimistood-ja-metallosade-eritellimused\/","title":{"rendered":"Treimist\u00f6\u00f6d ja metallosade eritellimused"},"content":{"rendered":"<p>Remko Grupp O\u00dc pakub professionaalset treimisteenust ja metallit\u00f6id, mis on suunatud nii t\u00f6\u00f6stus- kui ka remondivaldkonna klientidele. Teostame t\u00e4pseid treimist\u00f6id ja metallosade valmistamist \u2013 alates \u00fcksikdetailidest kuni v\u00e4ikeste seeriate tootmiseni. Meie eesm\u00e4rk on tagada t\u00e4psus, t\u00f6\u00f6kindlus ja kiire teostus igas projektis.<\/p>\n<p>Treimist\u00f6id teostavad kogenud spetsialistid, kelle k\u00e4sutuses on kvaliteetne t\u00f6\u00f6pinkide park. Vajadusel valmistame v\u00f5i taastame kulumiskindlaid detaile, v\u00f5lle, h\u00fclse, adaptereid ja muid masinaelemente vastavalt kliendi joonistele v\u00f5i n\u00e4idistele. Pakume ka eritellimuslikke ehk \u201ecustom\u201d metallosi ja protot\u00fc\u00fcpe.<\/p>\n<p>Pakume:<\/p>\n<ul>\n<li>Treimist\u00f6\u00f6d ja detailide taastamist<\/li>\n<li>Erilahendusi ja protot\u00fc\u00fcpide valmistamist (\u201ecustom\u201d metallosad)<\/li>\n<li>V\u00e4ikeseeria tootmist ja koost\u00f6\u00f6projekte<\/li>\n<li>Remont- ja hooldust\u00f6\u00f6dega seotud treimisteenust<\/li>\n<li>Terasest, alumiiniumist ja muudest metallidest detailide t\u00f6\u00f6tlust<\/li>\n<\/ul>\n<p>\u041f\u043e\u0447\u0435\u043c\u0443 \u0441\u0442\u043e\u0438\u0442 \u0432\u044b\u0431\u0440\u0430\u0442\u044c Remko?<\/p>\n<ul>\n<li>Kogenud meistrid ja kvaliteetne t\u00f6\u00f6tlus.<\/li>\n<li>Paindlik tootmine vastavalt joonistele v\u00f5i n\u00e4idisele.<\/li>\n<li>V\u00f5imalus luua unikaalseid ja kohandatud metallkomponente.<\/li>\n<li>T\u00e4htaegadest kinnipidamine ja usaldusv\u00e4\u00e4rne partnerlus.<\/li>\n<\/ul>\n<p>Kui otsid t\u00e4pseid treimist\u00f6id, metallosade valmistamist v\u00f5i eritellimuslahendusi, mis vastavad t\u00f6\u00f6stuslikele n\u00f5uetele, siis Remko Grupp O\u00dc on Sinu kindel ja usaldusv\u00e4\u00e4rne partner.<\/p>","protected":false},"excerpt":{"rendered":"<p>Remko Grupp O\u00dc pakub professionaalset treimisteenust ja metallit\u00f6id, mis on suunatud nii t\u00f6\u00f6stus- kui ka remondivaldkonna klientidele. Teostame t\u00e4pseid treimist\u00f6id ja metallosade valmistamist \u2013 alates \u00fcksikdetailidest kuni v\u00e4ikeste seeriate tootmiseni. Meie eesm\u00e4rk on tagada t\u00e4psus, t\u00f6\u00f6kindlus ja kiire teostus igas projektis. Treimist\u00f6id teostavad kogenud spetsialistid, kelle k\u00e4sutuses on kvaliteetne t\u00f6\u00f6pinkide park. Vajadusel valmistame v\u00f5i taastame [&hellip;]<\/p>","protected":false},"featured_media":475,"comment_status":"closed","ping_status":"closed","template":"","meta":[],"product_brand":[],"product_cat":[33],"product_tag":[],"class_list":{"0":"post-474","1":"product","2":"type-product","3":"status-publish","4":"has-post-thumbnail","6":"product_cat-teenused","8":"first","9":"instock","10":"shipping-taxable","11":"purchasable","12":"product-type-simple"},"aioseo_notices":[],"_links":{"self":[{"href":"https:\/\/remko.ee\/ru\/wp-json\/wp\/v2\/product\/474","targetHints":{"allow":["GET"]}}],"collection":[{"href":"https:\/\/remko.ee\/ru\/wp-json\/wp\/v2\/product"}],"about":[{"href":"https:\/\/remko.ee\/ru\/wp-json\/wp\/v2\/types\/product"}],"replies":[{"embeddable":true,"href":"https:\/\/remko.ee\/ru\/wp-json\/wp\/v2\/comments?post=474"}],"wp:featuredmedia":[{"embeddable":true,"href":"https:\/\/remko.ee\/ru\/wp-json\/wp\/v2\/media\/475"}],"wp:attachment":[{"href":"https:\/\/remko.ee\/ru\/wp-json\/wp\/v2\/media?parent=474"}],"wp:term":[{"taxonomy":"product_brand","embeddable":true,"href":"https:\/\/remko.ee\/ru\/wp-json\/wp\/v2\/product_brand?post=474"},{"taxonomy":"product_cat","embeddable":true,"href":"https:\/\/remko.ee\/ru\/wp-json\/wp\/v2\/product_cat?post=474"},{"taxonomy":"product_tag","embeddable":true,"href":"https:\/\/remko.ee\/ru\/wp-json\/wp\/v2\/product_tag?post=474"}],"curies":[{"name":"wp","href":"https:\/\/api.w.org\/{rel}","templated":true}]}}