{"id":430,"date":"2025-09-16T14:47:26","date_gmt":"2025-09-16T12:47:26","guid":{"rendered":"https:\/\/remko.ee\/?post_type=product&#038;p=430"},"modified":"2025-09-29T12:23:00","modified_gmt":"2025-09-29T10:23:00","slug":"paigaldus-kaivitus","status":"publish","type":"product","link":"https:\/\/remko.ee\/ru\/toostuslikud-seadmed\/teenused\/paigaldus-kaivitus\/","title":{"rendered":"Paigaldus &#038; k\u00e4ivitus"},"content":{"rendered":"<p>Seadmete korrektne paigaldus ja k\u00e4ivitamine on nende pikaajalise ning t\u00f5rgeteta t\u00f6\u00f6 aluseks. Meie kogenud spetsialistid tagavad, et teie uued seadmed paigaldatakse professionaalselt, j\u00e4rgides k\u00f5iki tootja juhiseid ja kehtivaid ohutusn\u00f5udeid. Teostame seadmete montaa\u017ei, \u00fchendame need vajalike kommunikatsioonidega, seadistame vastavalt teie tootmisprotsessi spetsiifilistele vajadustele ning viime l\u00e4bi p\u00f5hjaliku testimise. P\u00e4rast edukat k\u00e4ivitamist anname teie personalile vajaliku v\u00e4lja\u00f5ppe seadmete korrektseks kasutamiseks ja igap\u00e4evaseks hoolduseks. Meie eesm\u00e4rk on tagada, et teie investeering hakkaks esimesest p\u00e4evast alates maksimaalse efektiivsusega t\u00f6\u00f6le.<\/p>","protected":false},"excerpt":{"rendered":"<p>Seadmete korrektne paigaldus ja k\u00e4ivitamine on nende pikaajalise ning t\u00f5rgeteta t\u00f6\u00f6 aluseks. Meie kogenud spetsialistid tagavad, et teie uued seadmed paigaldatakse professionaalselt, j\u00e4rgides k\u00f5iki tootja juhiseid ja kehtivaid ohutusn\u00f5udeid. Teostame seadmete montaa\u017ei, \u00fchendame need vajalike kommunikatsioonidega, seadistame vastavalt teie tootmisprotsessi spetsiifilistele vajadustele ning viime l\u00e4bi p\u00f5hjaliku testimise. P\u00e4rast edukat k\u00e4ivitamist anname teie personalile vajaliku v\u00e4lja\u00f5ppe [&hellip;]<\/p>","protected":false},"featured_media":299,"comment_status":"open","ping_status":"closed","template":"","meta":[],"product_brand":[],"product_cat":[33],"product_tag":[],"class_list":{"0":"post-430","1":"product","2":"type-product","3":"status-publish","4":"has-post-thumbnail","6":"product_cat-teenused","8":"first","9":"instock","10":"shipping-taxable","11":"purchasable","12":"product-type-simple"},"aioseo_notices":[],"_links":{"self":[{"href":"https:\/\/remko.ee\/ru\/wp-json\/wp\/v2\/product\/430","targetHints":{"allow":["GET"]}}],"collection":[{"href":"https:\/\/remko.ee\/ru\/wp-json\/wp\/v2\/product"}],"about":[{"href":"https:\/\/remko.ee\/ru\/wp-json\/wp\/v2\/types\/product"}],"replies":[{"embeddable":true,"href":"https:\/\/remko.ee\/ru\/wp-json\/wp\/v2\/comments?post=430"}],"wp:featuredmedia":[{"embeddable":true,"href":"https:\/\/remko.ee\/ru\/wp-json\/wp\/v2\/media\/299"}],"wp:attachment":[{"href":"https:\/\/remko.ee\/ru\/wp-json\/wp\/v2\/media?parent=430"}],"wp:term":[{"taxonomy":"product_brand","embeddable":true,"href":"https:\/\/remko.ee\/ru\/wp-json\/wp\/v2\/product_brand?post=430"},{"taxonomy":"product_cat","embeddable":true,"href":"https:\/\/remko.ee\/ru\/wp-json\/wp\/v2\/product_cat?post=430"},{"taxonomy":"product_tag","embeddable":true,"href":"https:\/\/remko.ee\/ru\/wp-json\/wp\/v2\/product_tag?post=430"}],"curies":[{"name":"wp","href":"https:\/\/api.w.org\/{rel}","templated":true}]}}