{"id":419,"date":"2025-09-16T14:02:55","date_gmt":"2025-09-16T12:02:55","guid":{"rendered":"https:\/\/remko.ee\/?post_type=product&#038;p=419"},"modified":"2026-02-16T08:57:21","modified_gmt":"2026-02-16T06:57:21","slug":"uus-telfer-tostevoimsus-1-tonn","status":"publish","type":"product","link":"https:\/\/remko.ee\/ru\/toostuslikud-seadmed\/kasutatud-toostusseadmed\/uus-telfer-tostevoimsus-1-tonn\/","title":{"rendered":"Telfer"},"content":{"rendered":"<p><strong>M\u00fc\u00fca uus telfer, t\u00f5stev\u00f5imsusega 1 tonn<\/strong><\/p>\n<ul>\n<li><strong>Seisukord:<\/strong>\u00a0Uus, kuid pikalt seisnud<\/li>\n<li><strong>Kontrollitud:<\/strong> T\u00f6\u00f6korras<\/li>\n<li><strong>Sobib:<\/strong>\u00a0T\u00f6\u00f6kotta, lattu, ehitusele<\/li>\n<li><strong>Komplektis:<\/strong> Juhtmega juhtpult<\/li>\n<li><strong>Paigaldus:<\/strong>\u00a0Paigaldame ostja soovil sobiva pikkusega puldikaabli<\/li>\n<\/ul>","protected":false},"excerpt":{"rendered":"<p>Uus telfer, t\u00f5stev\u00f5imsus 1 tonn<\/p>","protected":false},"featured_media":420,"comment_status":"open","ping_status":"closed","template":"","meta":[],"product_brand":[],"product_cat":[32],"product_tag":[],"class_list":{"0":"post-419","1":"product","2":"type-product","3":"status-publish","4":"has-post-thumbnail","6":"product_cat-kasutatud-toostusseadmed","8":"first","9":"instock","10":"sale","11":"shipping-taxable","12":"purchasable","13":"product-type-simple"},"aioseo_notices":[],"_links":{"self":[{"href":"https:\/\/remko.ee\/ru\/wp-json\/wp\/v2\/product\/419","targetHints":{"allow":["GET"]}}],"collection":[{"href":"https:\/\/remko.ee\/ru\/wp-json\/wp\/v2\/product"}],"about":[{"href":"https:\/\/remko.ee\/ru\/wp-json\/wp\/v2\/types\/product"}],"replies":[{"embeddable":true,"href":"https:\/\/remko.ee\/ru\/wp-json\/wp\/v2\/comments?post=419"}],"wp:featuredmedia":[{"embeddable":true,"href":"https:\/\/remko.ee\/ru\/wp-json\/wp\/v2\/media\/420"}],"wp:attachment":[{"href":"https:\/\/remko.ee\/ru\/wp-json\/wp\/v2\/media?parent=419"}],"wp:term":[{"taxonomy":"product_brand","embeddable":true,"href":"https:\/\/remko.ee\/ru\/wp-json\/wp\/v2\/product_brand?post=419"},{"taxonomy":"product_cat","embeddable":true,"href":"https:\/\/remko.ee\/ru\/wp-json\/wp\/v2\/product_cat?post=419"},{"taxonomy":"product_tag","embeddable":true,"href":"https:\/\/remko.ee\/ru\/wp-json\/wp\/v2\/product_tag?post=419"}],"curies":[{"name":"wp","href":"https:\/\/api.w.org\/{rel}","templated":true}]}}