{"id":21,"date":"2024-03-31T18:05:48","date_gmt":"2024-03-31T18:05:48","guid":{"rendered":"https:\/\/remko.eeteenused\/"},"modified":"2025-07-24T07:43:48","modified_gmt":"2025-07-24T05:43:48","slug":"teenused","status":"publish","type":"page","link":"https:\/\/remko.ee\/ru\/\u0443\u0441\u043b\u0443\u0433\u0438\/","title":{"rendered":"\u0423\u0441\u043b\u0443\u0433\u0438"},"content":{"rendered":"<div class=\"wp-block-group alignwide has-global-padding is-content-justification-center is-layout-constrained wp-block-group-is-layout-constrained\">\n<h2 class=\"wp-block-heading has-text-align-center\" style=\"padding-top:var(--wp--preset--spacing--20);padding-bottom:var(--wp--preset--spacing--20)\">\u0423\u0441\u043b\u0443\u0433\u0438 \u043f\u043e \u0440\u0435\u043c\u043e\u043d\u0442\u0443 \u043f\u0440\u043e\u043c\u044b\u0448\u043b\u0435\u043d\u043d\u043e\u0433\u043e \u043e\u0431\u043e\u0440\u0443\u0434\u043e\u0432\u0430\u043d\u0438\u044f<\/h2>\n\n\n\n<p class=\"has-text-align-center\">\u041c\u044b \u043f\u0440\u0435\u0434\u043b\u0430\u0433\u0430\u0435\u043c \u0448\u0438\u0440\u043e\u043a\u0438\u0439 \u0441\u043f\u0435\u043a\u0442\u0440 \u0443\u0441\u043b\u0443\u0433 \u043f\u043e \u0432\u043e\u0441\u0441\u0442\u0430\u043d\u043e\u0432\u043b\u0435\u043d\u0438\u044e \u0440\u0430\u0431\u043e\u0442\u043e\u0441\u043f\u043e\u0441\u043e\u0431\u043d\u043e\u0441\u0442\u0438 \u0432\u0430\u0448\u0435\u0433\u043e \u043f\u0440\u043e\u043c\u044b\u0448\u043b\u0435\u043d\u043d\u043e\u0433\u043e \u043e\u0431\u043e\u0440\u0443\u0434\u043e\u0432\u0430\u043d\u0438\u044f. \u041d\u0430\u0448\u0438 \u0441\u043f\u0435\u0446\u0438\u0430\u043b\u0438\u0441\u0442\u044b \u043f\u043e\u043c\u043e\u0433\u0443\u0442 \u043a\u0430\u043a \u0441 \u043c\u0435\u043b\u043a\u0438\u043c \u0440\u0435\u043c\u043e\u043d\u0442\u043e\u043c, \u0442\u0430\u043a \u0438 \u0441 \u043a\u0440\u0443\u043f\u043d\u044b\u043c \u0440\u0435\u043c\u043e\u043d\u0442\u043e\u043c.<\/p>\n<\/div>\n\n\n\n<div class=\"wp-block-columns alignwide is-layout-flex wp-container-core-columns-is-layout-28f84493 wp-block-columns-is-layout-flex\">\n<div class=\"wp-block-column is-layout-flow wp-block-column-is-layout-flow\">\n<figure class=\"wp-block-image size-full is-resized\"><img loading=\"lazy\" decoding=\"async\" width=\"2560\" height=\"1920\" src=\"https:\/\/remko.ee\/wp-content\/uploads\/2024\/09\/remko_masin-scaled.jpg\" alt=\"\" class=\"wp-image-248\" style=\"aspect-ratio:4\/3;object-fit:cover;width:624px;height:auto\" srcset=\"https:\/\/remko.ee\/wp-content\/uploads\/2024\/09\/remko_masin-scaled.jpg 2560w, https:\/\/remko.ee\/wp-content\/uploads\/2024\/09\/remko_masin-scaled-600x450.jpg 600w, https:\/\/remko.ee\/wp-content\/uploads\/2024\/09\/remko_masin-300x225.jpg 300w, https:\/\/remko.ee\/wp-content\/uploads\/2024\/09\/remko_masin-1024x768.jpg 1024w, https:\/\/remko.ee\/wp-content\/uploads\/2024\/09\/remko_masin-768x576.jpg 768w, https:\/\/remko.ee\/wp-content\/uploads\/2024\/09\/remko_masin-1536x1152.jpg 1536w, https:\/\/remko.ee\/wp-content\/uploads\/2024\/09\/remko_masin-2048x1536.jpg 2048w, https:\/\/remko.ee\/wp-content\/uploads\/2024\/09\/remko_masin-16x12.jpg 16w\" sizes=\"auto, (max-width: 2560px) 100vw, 2560px\" \/><\/figure>\n<\/div>\n\n\n\n<div class=\"wp-block-column is-layout-flow wp-block-column-is-layout-flow\">\n<div class=\"wp-block-group has-global-padding is-layout-constrained wp-block-group-is-layout-constrained\">\n<h4 class=\"wp-block-heading\">\u0420\u0435\u043c\u043e\u043d\u0442 \u043f\u0440\u043e\u043c\u044b\u0448\u043b\u0435\u043d\u043d\u043e\u0433\u043e \u043e\u0431\u043e\u0440\u0443\u0434\u043e\u0432\u0430\u043d\u0438\u044f<\/h4>\n\n\n\n<p>\u0420\u0435\u043c\u043a\u043e \u0420\u0435\u043c\u043e\u043d\u0442 \u0441\u043f\u0435\u0446\u0438\u0430\u043b\u0438\u0437\u0438\u0440\u0443\u0435\u0442\u0441\u044f \u043d\u0430 \u0440\u0435\u043c\u043e\u043d\u0442\u0435 \u0438 \u043e\u0431\u0441\u043b\u0443\u0436\u0438\u0432\u0430\u043d\u0438\u0438 \u0440\u0430\u0437\u043b\u0438\u0447\u043d\u043e\u0433\u043e \u043f\u0440\u043e\u043c\u044b\u0448\u043b\u0435\u043d\u043d\u043e\u0433\u043e \u043e\u0431\u043e\u0440\u0443\u0434\u043e\u0432\u0430\u043d\u0438\u044f:<\/p>\n\n\n\n<ul class=\"wp-block-list\">\n<li>\u0420\u0435\u043c\u043e\u043d\u0442 \u0433\u0440\u0443\u0437\u043e\u043f\u043e\u0434\u044a\u0435\u043c\u043d\u043e\u0433\u043e \u043e\u0431\u043e\u0440\u0443\u0434\u043e\u0432\u0430\u043d\u0438\u044f: \u043a\u0440\u0430\u043d\u043e\u0432, \u0442\u0435\u043b\u044c\u0444\u0435\u0440\u043e\u0432<\/li>\n\n\n\n<li>\u0420\u0435\u043c\u043e\u043d\u0442 \u043a\u0440\u0430\u043d\u043e\u0432\u044b\u0445 \u043f\u043e\u0434\u044a\u0435\u043c\u043d\u0438\u043a\u043e\u0432<\/li>\n\n\n\n<li>\u0420\u0435\u043c\u043e\u043d\u0442 \u0441\u0432\u0430\u0440\u043e\u0447\u043d\u043e\u0433\u043e \u043e\u0431\u043e\u0440\u0443\u0434\u043e\u0432\u0430\u043d\u0438\u044f<\/li>\n\n\n\n<li>\u0420\u0435\u043c\u043e\u043d\u0442 \u0440\u0435\u0434\u0443\u043a\u0442\u043e\u0440\u043e\u0432 \u0438 \u043a\u043e\u0440\u043e\u0431\u043e\u043a \u043f\u0435\u0440\u0435\u0434\u0430\u0447<\/li>\n\n\n\n<li>\u041f\u0435\u0440\u0435\u043c\u0435\u0449\u0435\u043d\u0438\u0435, \u0441\u0431\u043e\u0440\u043a\u0430 \u0438 \u043c\u043e\u043d\u0442\u0430\u0436 \u043e\u0431\u043e\u0440\u0443\u0434\u043e\u0432\u0430\u043d\u0438\u044f<\/li>\n\n\n\n<li>\u042d\u043b\u0435\u043a\u0442\u0440\u043e\u043c\u043e\u043d\u0442\u0430\u0436\u043d\u044b\u0435 \u0440\u0430\u0431\u043e\u0442\u044b<\/li>\n\n\n\n<li>\u041e\u0431\u043d\u043e\u0432\u043b\u0435\u043d\u0438\u0435 \u044d\u043b\u0435\u043a\u0442\u0440\u0438\u0447\u0435\u0441\u043a\u0438\u0445 \u0441\u0445\u0435\u043c<\/li>\n\n\n\n<li>\u0423\u043f\u0440\u0430\u0432\u043b\u0435\u043d\u0438\u0435 \u0443\u0441\u0442\u0440\u043e\u0439\u0441\u0442\u0432\u0430\u043c\u0438 \u0441 \u043f\u043e\u043c\u043e\u0449\u044c\u044e \u043a\u043e\u043d\u0442\u0440\u043e\u043b\u043b\u0435\u0440\u043e\u0432<\/li>\n\n\n\n<li>\u0420\u0435\u043c\u043e\u043d\u0442 \u0433\u0438\u0434\u0440\u0430\u0432\u043b\u0438\u0447\u0435\u0441\u043a\u043e\u0433\u043e \u0438 \u043f\u043d\u0435\u0432\u043c\u0430\u0442\u0438\u0447\u0435\u0441\u043a\u043e\u0433\u043e \u043e\u0431\u043e\u0440\u0443\u0434\u043e\u0432\u0430\u043d\u0438\u044f<\/li>\n\n\n\n<li>\u041f\u0440\u043e\u0442\u043e\u0442\u0438\u043f\u0438\u0440\u043e\u0432\u0430\u043d\u0438\u0435<\/li>\n<\/ul>\n<\/div>\n<\/div>\n<\/div>\n\n\n\n<div class=\"wp-block-columns alignwide is-layout-flex wp-container-core-columns-is-layout-28f84493 wp-block-columns-is-layout-flex\">\n<div class=\"wp-block-column is-layout-flow wp-block-column-is-layout-flow\">\n<div class=\"wp-block-group has-global-padding is-layout-constrained wp-block-group-is-layout-constrained\">\n<h4 class=\"wp-block-heading\">\u041c\u0430\u0441\u0442\u0435\u0440\u0441\u043a\u0430\u044f \u0420\u0435\u043c\u043a\u043e<\/h4>\n\n\n\n<p>\u0423 \u043d\u0430\u0441 \u0435\u0441\u0442\u044c \u0440\u0435\u043c\u043e\u043d\u0442\u043d\u0430\u044f \u0431\u0430\u0437\u0430 \u0432 \u0422\u0430\u043b\u043b\u0438\u043d\u043d\u0435, \u043d\u0430 \u041f\u0430\u0430\u0432\u043b\u0438 6, \u0433\u0434\u0435 \u043c\u044b \u0432\u044b\u043f\u043e\u043b\u043d\u044f\u0435\u043c \u0440\u0430\u0431\u043e\u0442\u044b:<\/p>\n\n\n\n<ul class=\"wp-block-list\">\n<li>\u0422\u043e\u043a\u0430\u0440\u043d\u044b\u0435 \u0440\u0430\u0431\u043e\u0442\u044b<\/li>\n\n\n\n<li>\u0424\u0440\u0435\u0437\u0435\u0440\u043d\u044b\u0435 \u0440\u0430\u0431\u043e\u0442\u044b<\/li>\n\n\n\n<li>\u041f\u043b\u043e\u0441\u043a\u043e\u0435 \u0448\u043b\u0438\u0444\u043e\u0432\u0430\u043d\u0438\u0435 (\u0434\u043e 1200 \u043c\u043c)<\/li>\n\n\n\n<li>\u0422\u0435\u0440\u043c\u0438\u0447\u0435\u0441\u043a\u0430\u044f \u043e\u0431\u0440\u0430\u0431\u043e\u0442\u043a\u0430<\/li>\n\n\n\n<li>\u041f\u0430\u0437\u043e\u0432\u0430\u044f \u0444\u0440\u0435\u0437\u0430<\/li>\n\n\n\n<li>\u0421\u0432\u0430\u0440\u043e\u0447\u043d\u044b\u0435 \u0440\u0430\u0431\u043e\u0442\u044b<\/li>\n\n\n\n<li>\u041d\u0430\u0436\u043c\u0438\u0442\u0435 100\u0442<\/li>\n<\/ul>\n\n\n\n<p>\u041f\u0440\u0438 \u043d\u0435\u043e\u0431\u0445\u043e\u0434\u0438\u043c\u043e\u0441\u0442\u0438 \u043c\u044b \u0432\u044b\u0435\u0434\u0435\u043c \u043d\u0430 \u0442\u0435\u0440\u0440\u0438\u0442\u043e\u0440\u0438\u044e \u0437\u0430\u043a\u0430\u0437\u0447\u0438\u043a\u0430. <\/p>\n<\/div>\n<\/div>\n\n\n\n<div class=\"wp-block-column is-layout-flow wp-block-column-is-layout-flow\">\n<figure class=\"wp-block-image size-full is-resized\"><img loading=\"lazy\" decoding=\"async\" width=\"2560\" height=\"1920\" src=\"https:\/\/remko.ee\/wp-content\/uploads\/2024\/09\/remko_saekaater-scaled.jpg\" alt=\"\" class=\"wp-image-250\" style=\"aspect-ratio:4\/3;object-fit:cover;width:624px;height:auto\" srcset=\"https:\/\/remko.ee\/wp-content\/uploads\/2024\/09\/remko_saekaater-scaled.jpg 2560w, https:\/\/remko.ee\/wp-content\/uploads\/2024\/09\/remko_saekaater-scaled-600x450.jpg 600w, https:\/\/remko.ee\/wp-content\/uploads\/2024\/09\/remko_saekaater-300x225.jpg 300w, https:\/\/remko.ee\/wp-content\/uploads\/2024\/09\/remko_saekaater-1024x768.jpg 1024w, https:\/\/remko.ee\/wp-content\/uploads\/2024\/09\/remko_saekaater-768x576.jpg 768w, https:\/\/remko.ee\/wp-content\/uploads\/2024\/09\/remko_saekaater-1536x1152.jpg 1536w, https:\/\/remko.ee\/wp-content\/uploads\/2024\/09\/remko_saekaater-2048x1536.jpg 2048w, https:\/\/remko.ee\/wp-content\/uploads\/2024\/09\/remko_saekaater-16x12.jpg 16w\" sizes=\"auto, (max-width: 2560px) 100vw, 2560px\" \/><\/figure>\n<\/div>\n<\/div>\n\n\n\n<div class=\"wp-block-group alignwide has-foreground-color has-primary-background-color has-text-color has-background has-link-color wp-elements-14e6d17d99c5966515bdd921d3cab921 has-global-padding is-layout-constrained wp-block-group-is-layout-constrained\" style=\"border-style:none;border-width:0px;border-radius:25px;padding-top:var(--wp--preset--spacing--30);padding-bottom:var(--wp--preset--spacing--30)\">\n<div class=\"wp-block-columns alignwide is-layout-flex wp-container-core-columns-is-layout-954ec4bb wp-block-columns-is-layout-flex\" style=\"padding-right:var(--wp--preset--spacing--40);padding-left:var(--wp--preset--spacing--40)\">\n<div class=\"wp-block-column is-layout-flow wp-block-column-is-layout-flow\" style=\"flex-basis:66.66%\">\n<p class=\"has-text-align-left has-medium-font-size\">\u041c\u0430\u0448\u0438\u043d\u0430 \u0440\u0430\u0431\u043e\u0442\u0430\u0435\u0442 \u043d\u0435 \u0442\u0430\u043a, \u043a\u0430\u043a \u043e\u0436\u0438\u0434\u0430\u043b\u043e\u0441\u044c? <br>\u041e\u0431\u0440\u0430\u0449\u0430\u0439\u0442\u0435\u0441\u044c, \u043c\u044b \u043f\u0440\u043e\u0432\u0435\u0434\u0435\u043c \u0434\u0438\u0430\u0433\u043d\u043e\u0441\u0442\u0438\u043a\u0443 \u0438 \u043f\u0440\u0435\u0434\u043b\u043e\u0436\u0438\u043c \u0446\u0435\u043d\u0443.<\/p>\n<\/div>\n\n\n\n<div class=\"wp-block-column is-layout-flow wp-block-column-is-layout-flow\" style=\"flex-basis:33.33%\">\n<div class=\"wp-block-buttons is-content-justification-right is-layout-flex wp-container-core-buttons-is-layout-d445cf74 wp-block-buttons-is-layout-flex\">\n<div class=\"wp-block-button\"><a class=\"wp-block-button__link has-custom-color-2-background-color has-background wp-element-button\" href=\"https:\/\/remko.ee\/ru\/kontakt\/\">\u0421\u0432\u044f\u0436\u0438\u0442\u0435\u0441\u044c \u0441 \u043d\u0430\u043c\u0438<\/a><\/div>\n<\/div>\n<\/div>\n<\/div>\n<\/div>\n\n\n\n<div class=\"wp-block-columns alignwide is-layout-flex wp-container-core-columns-is-layout-28f84493 wp-block-columns-is-layout-flex\">\n<div class=\"wp-block-column is-vertically-aligned-top is-layout-flow wp-block-column-is-layout-flow\">\n<div class=\"wp-block-group has-global-padding is-layout-constrained wp-block-group-is-layout-constrained\">\n<h4 class=\"wp-block-heading\">\u041f\u0440\u043e\u0444\u0438\u043b\u0430\u043a\u0442\u0438\u0447\u0435\u0441\u043a\u043e\u0435 \u043e\u0431\u0441\u043b\u0443\u0436\u0438\u0432\u0430\u043d\u0438\u0435<\/h4>\n\n\n\n<p>\u0420\u0435\u0433\u0443\u043b\u044f\u0440\u043d\u043e\u0435 \u043f\u0440\u043e\u0444\u0438\u043b\u0430\u043a\u0442\u0438\u0447\u0435\u0441\u043a\u043e\u0435 \u043e\u0431\u0441\u043b\u0443\u0436\u0438\u0432\u0430\u043d\u0438\u0435 \u043d\u0435\u043e\u0431\u0445\u043e\u0434\u0438\u043c\u043e \u0434\u043b\u044f \u0442\u043e\u0433\u043e, \u0447\u0442\u043e\u0431\u044b \u0438\u0437\u0431\u0435\u0436\u0430\u0442\u044c \u0434\u043e\u0440\u043e\u0433\u043e\u0441\u0442\u043e\u044f\u0449\u0438\u0445 \u043f\u043e\u043b\u043e\u043c\u043e\u043a \u0438 \u043f\u0440\u043e\u0434\u043b\u0438\u0442\u044c \u0441\u0440\u043e\u043a \u0441\u043b\u0443\u0436\u0431\u044b \u0432\u0430\u0448\u0435\u0433\u043e \u043e\u0431\u043e\u0440\u0443\u0434\u043e\u0432\u0430\u043d\u0438\u044f.<\/p>\n\n\n\n<p>\u041f\u0440\u043e\u0444\u0438\u043b\u0430\u043a\u0442\u0438\u0447\u0435\u0441\u043a\u043e\u0435 \u043e\u0431\u0441\u043b\u0443\u0436\u0438\u0432\u0430\u043d\u0438\u0435 \u043e\u0447\u0435\u043d\u044c \u0432\u0430\u0436\u043d\u043e \u0434\u043b\u044f \u043f\u0440\u043e\u0434\u043b\u0435\u043d\u0438\u044f \u0441\u0440\u043e\u043a\u0430 \u0441\u043b\u0443\u0436\u0431\u044b \u043e\u0431\u043e\u0440\u0443\u0434\u043e\u0432\u0430\u043d\u0438\u044f. <br>\u0412 Remko Repair \u043c\u044b \u043f\u0440\u043e\u0432\u043e\u0434\u0438\u043c \u043a\u043e\u043c\u043f\u043b\u0435\u043a\u0441\u043d\u044b\u0435 \u043f\u0440\u043e\u0433\u0440\u0430\u043c\u043c\u044b \u043f\u0440\u043e\u0432\u0435\u0440\u043a\u0438 \u0438 \u043e\u0431\u0441\u043b\u0443\u0436\u0438\u0432\u0430\u043d\u0438\u044f \u0432 \u0441\u043e\u043e\u0442\u0432\u0435\u0442\u0441\u0442\u0432\u0438\u0438 \u0441 \u043f\u043e\u0442\u0440\u0435\u0431\u043d\u043e\u0441\u0442\u044f\u043c\u0438. \u0420\u0435\u0433\u0443\u043b\u044f\u0440\u043d\u044b\u0435 \u043f\u0440\u043e\u0432\u0435\u0440\u043a\u0438 \u043f\u043e\u043c\u043e\u0433\u0430\u044e\u0442 \u0432\u044b\u044f\u0432\u0438\u0442\u044c \u043f\u043e\u0442\u0435\u043d\u0446\u0438\u0430\u043b\u044c\u043d\u044b\u0435 \u043f\u0440\u043e\u0431\u043b\u0435\u043c\u044b \u0434\u043e \u0442\u043e\u0433\u043e, \u043a\u0430\u043a \u043e\u043d\u0438 \u0441\u0442\u0430\u043d\u0443\u0442 \u0441\u0435\u0440\u044c\u0435\u0437\u043d\u044b\u043c\u0438, \u0442\u0435\u043c \u0441\u0430\u043c\u044b\u043c \u043e\u0431\u0435\u0441\u043f\u0435\u0447\u0438\u0432\u0430\u044f \u043d\u0435\u043f\u0440\u0435\u0440\u044b\u0432\u043d\u0443\u044e \u0440\u0430\u0431\u043e\u0442\u0443. \u041f\u043e\u0437\u0432\u043e\u043b\u044c\u0442\u0435 \u043d\u0430\u043c \u043f\u0440\u043e\u0432\u0435\u0440\u0438\u0442\u044c \u0432\u0430\u0448\u0438 \u043c\u0430\u0448\u0438\u043d\u044b, \u0441\u044d\u043a\u043e\u043d\u043e\u043c\u0438\u0432 \u0432\u0430\u043c \u0432\u0440\u0435\u043c\u044f \u0438 \u0434\u0435\u043d\u044c\u0433\u0438. <\/p>\n<\/div>\n<\/div>\n\n\n\n<div class=\"wp-block-column is-vertically-aligned-top is-layout-flow wp-block-column-is-layout-flow\">\n<figure class=\"wp-block-image alignright size-full is-resized\"><img loading=\"lazy\" decoding=\"async\" width=\"2560\" height=\"1957\" src=\"https:\/\/remko.ee\/wp-content\/uploads\/2024\/09\/remko_parandus-scaled.jpg\" alt=\"\" class=\"wp-image-266\" style=\"aspect-ratio:4\/3;object-fit:cover;width:624px\" srcset=\"https:\/\/remko.ee\/wp-content\/uploads\/2024\/09\/remko_parandus-scaled.jpg 2560w, https:\/\/remko.ee\/wp-content\/uploads\/2024\/09\/remko_parandus-scaled-600x459.jpg 600w, https:\/\/remko.ee\/wp-content\/uploads\/2024\/09\/remko_parandus-300x229.jpg 300w, https:\/\/remko.ee\/wp-content\/uploads\/2024\/09\/remko_parandus-1024x783.jpg 1024w, https:\/\/remko.ee\/wp-content\/uploads\/2024\/09\/remko_parandus-768x587.jpg 768w, https:\/\/remko.ee\/wp-content\/uploads\/2024\/09\/remko_parandus-1536x1174.jpg 1536w, https:\/\/remko.ee\/wp-content\/uploads\/2024\/09\/remko_parandus-2048x1566.jpg 2048w, https:\/\/remko.ee\/wp-content\/uploads\/2024\/09\/remko_parandus-16x12.jpg 16w\" sizes=\"auto, (max-width: 2560px) 100vw, 2560px\" \/><\/figure>\n<\/div>\n<\/div>\n\n\n\n<div class=\"wp-block-columns alignwide is-layout-flex wp-container-core-columns-is-layout-28f84493 wp-block-columns-is-layout-flex\">\n<div class=\"wp-block-column is-layout-flow wp-block-column-is-layout-flow\">\n<figure class=\"wp-block-image size-full is-resized\"><img loading=\"lazy\" decoding=\"async\" width=\"2560\" height=\"1920\" src=\"https:\/\/remko.ee\/wp-content\/uploads\/2024\/09\/remko_press-scaled.jpg\" alt=\"\" class=\"wp-image-251\" style=\"aspect-ratio:4\/3;object-fit:cover;width:624px\" srcset=\"https:\/\/remko.ee\/wp-content\/uploads\/2024\/09\/remko_press-scaled.jpg 2560w, https:\/\/remko.ee\/wp-content\/uploads\/2024\/09\/remko_press-scaled-600x450.jpg 600w, https:\/\/remko.ee\/wp-content\/uploads\/2024\/09\/remko_press-300x225.jpg 300w, https:\/\/remko.ee\/wp-content\/uploads\/2024\/09\/remko_press-1024x768.jpg 1024w, https:\/\/remko.ee\/wp-content\/uploads\/2024\/09\/remko_press-768x576.jpg 768w, https:\/\/remko.ee\/wp-content\/uploads\/2024\/09\/remko_press-1536x1152.jpg 1536w, https:\/\/remko.ee\/wp-content\/uploads\/2024\/09\/remko_press-2048x1536.jpg 2048w, https:\/\/remko.ee\/wp-content\/uploads\/2024\/09\/remko_press-16x12.jpg 16w\" sizes=\"auto, (max-width: 2560px) 100vw, 2560px\" \/><\/figure>\n<\/div>\n\n\n\n<div class=\"wp-block-column is-layout-flow wp-block-column-is-layout-flow\">\n<div class=\"wp-block-group has-global-padding is-layout-constrained wp-block-group-is-layout-constrained\">\n<h4 class=\"wp-block-heading\">\u0427\u0440\u0435\u0437\u0432\u044b\u0447\u0430\u0439\u043d\u044b\u0435 \u043f\u0440\u043e\u0431\u043b\u0435\u043c\u044b<\/h4>\n\n\n\n<p>\u041c\u044b \u0433\u043e\u0442\u043e\u0432\u044b \u0431\u044b\u0441\u0442\u0440\u043e \u043e\u0442\u0440\u0435\u0430\u0433\u0438\u0440\u043e\u0432\u0430\u0442\u044c \u0432 \u0441\u043b\u0443\u0447\u0430\u0435 \u0447\u0440\u0435\u0437\u0432\u044b\u0447\u0430\u0439\u043d\u043e\u0439 \u0441\u0438\u0442\u0443\u0430\u0446\u0438\u0438. \u041c\u044b \u043f\u0440\u0435\u0434\u043b\u0430\u0433\u0430\u0435\u043c \u044d\u043a\u0441\u0442\u0440\u0435\u043d\u043d\u044b\u0435 \u0443\u0441\u043b\u0443\u0433\u0438, \u0435\u0441\u043b\u0438 \u0443\u0441\u0442\u0440\u043e\u0439\u0441\u0442\u0432\u043e \u0441\u043b\u043e\u043c\u0430\u043b\u043e\u0441\u044c \u0438 \u0442\u0440\u0435\u0431\u0443\u0435\u0442 \u0431\u044b\u0441\u0442\u0440\u043e\u0433\u043e \u0440\u0435\u043c\u043e\u043d\u0442\u0430. <\/p>\n\n\n\n<p>\u041f\u043e\u0437\u0432\u043e\u043d\u0438\u0442\u0435 \u043d\u0430\u043c \u043f\u043e \u0442\u0435\u043b\u0435\u0444\u043e\u043d\u0443 +372 55 510 300 \u0434\u043b\u044f \u043f\u043e\u043b\u0443\u0447\u0435\u043d\u0438\u044f \u043f\u043e\u043c\u043e\u0449\u0438.<\/p>\n\n\n\n<p>\u041c\u044b \u0431\u0435\u0440\u0435\u0436\u043d\u043e \u0437\u0430\u043c\u0435\u043d\u044f\u0435\u043c \u0441\u043b\u043e\u043c\u0430\u043d\u043d\u044b\u0435 \u0434\u0435\u0442\u0430\u043b\u0438 \u043c\u0430\u0448\u0438\u043d \u043d\u043e\u0432\u044b\u043c\u0438, \u0437\u0430\u043a\u0443\u043f\u0430\u044f \u0438 \u0438\u0441\u043f\u043e\u043b\u044c\u0437\u0443\u044f \u043e\u0440\u0438\u0433\u0438\u043d\u0430\u043b\u044c\u043d\u044b\u0435 \u0434\u0435\u0442\u0430\u043b\u0438. <br><\/p>\n<\/div>\n<\/div>\n<\/div>\n\n\n\n<div class=\"wp-block-columns alignwide is-layout-flex wp-container-core-columns-is-layout-28f84493 wp-block-columns-is-layout-flex\">\n<div class=\"wp-block-column is-layout-flow wp-block-column-is-layout-flow\">\n<div class=\"wp-block-group has-global-padding is-layout-constrained wp-block-group-is-layout-constrained\">\n<h4 class=\"wp-block-heading\">\u0417\u0430\u043c\u0435\u043d\u0430 \u0437\u0430\u043f\u0430\u0441\u043d\u044b\u0445 \u0447\u0430\u0441\u0442\u0435\u0439 <\/h4>\n\n\n\n<p>\u0412 \u043a\u043e\u043c\u043f\u0430\u043d\u0438\u0438 Remko Remont \u043c\u044b \u0437\u0430\u043d\u0438\u043c\u0430\u0435\u043c\u0441\u044f \u043f\u0440\u0438\u043e\u0431\u0440\u0435\u0442\u0435\u043d\u0438\u0435\u043c \u0438 \u0437\u0430\u043c\u0435\u043d\u043e\u0439 \u0437\u0430\u043f\u0430\u0441\u043d\u044b\u0445 \u0447\u0430\u0441\u0442\u0435\u0439. <\/p>\n\n\n\n<p>\u041c\u044b \u0437\u0430\u043c\u0435\u043d\u044f\u0435\u043c \u0438\u0437\u043d\u043e\u0448\u0435\u043d\u043d\u044b\u0435 \u0438\u043b\u0438 \u0441\u043b\u043e\u043c\u0430\u043d\u043d\u044b\u0435 \u0434\u0435\u0442\u0430\u043b\u0438 \u043d\u0430 \u043d\u043e\u0432\u044b\u0435. \u041c\u044b \u0434\u0438\u0430\u0433\u043d\u043e\u0441\u0442\u0438\u0440\u0443\u0435\u043c \u043f\u0440\u043e\u0431\u043b\u0435\u043c\u0443, \u0441\u0430\u043c\u0438 \u043d\u0430\u0445\u043e\u0434\u0438\u043c \u0437\u0430\u043f\u0430\u0441\u043d\u044b\u0435 \u0447\u0430\u0441\u0442\u0438 \u0438 \u0437\u0430\u043c\u0435\u043d\u044f\u0435\u043c \u0441\u0442\u0430\u0440\u044b\u0435 \u043d\u0430 \u043d\u043e\u0432\u044b\u0435, \u043e\u0431\u0435\u0441\u043f\u0435\u0447\u0438\u0432\u0430\u044f \u043d\u0430\u0434\u0435\u0436\u043d\u043e\u0441\u0442\u044c \u0438 \u0434\u043e\u043b\u0433\u0438\u0439 \u0441\u0440\u043e\u043a \u0441\u043b\u0443\u0436\u0431\u044b \u043e\u0431\u043e\u0440\u0443\u0434\u043e\u0432\u0430\u043d\u0438\u044f.<\/p>\n\n\n\n<p>\u0418\u0441\u043f\u043e\u043b\u044c\u0437\u043e\u0432\u0430\u043d\u0438\u0435 \u043e\u0440\u0438\u0433\u0438\u043d\u0430\u043b\u044c\u043d\u044b\u0445 \u0434\u0435\u0442\u0430\u043b\u0435\u0439 \u043e\u0442 \u043f\u0440\u043e\u0438\u0437\u0432\u043e\u0434\u0438\u0442\u0435\u043b\u044f \u043e\u0431\u0435\u0441\u043f\u0435\u0447\u0438\u0432\u0430\u0435\u0442 \u0443\u0441\u0442\u0440\u043e\u0439\u0441\u0442\u0432\u0443 \u0431\u043e\u043b\u0435\u0435 \u0434\u043b\u0438\u0442\u0435\u043b\u044c\u043d\u044b\u0439 \u0441\u0440\u043e\u043a \u0441\u043b\u0443\u0436\u0431\u044b \u0438 \u0431\u043e\u043b\u0435\u0435 \u043d\u0430\u0434\u0435\u0436\u043d\u0443\u044e \u0440\u0430\u0431\u043e\u0442\u0443. <\/p>\n\n\n\n<p>\u0415\u0441\u043b\u0438 \u0443 \u0432\u0430\u0441 \u0432\u043e\u0437\u043d\u0438\u043a\u043d\u0443\u0442 \u043a\u0430\u043a\u0438\u0435-\u043b\u0438\u0431\u043e \u0432\u043e\u043f\u0440\u043e\u0441\u044b, \u0441\u0432\u044f\u0436\u0438\u0442\u0435\u0441\u044c \u0441 \u043d\u0430\u043c\u0438. <\/p>\n\n\n\n<p><br><\/p>\n<\/div>\n<\/div>\n\n\n\n<div class=\"wp-block-column is-layout-flow wp-block-column-is-layout-flow\">\n<figure class=\"wp-block-image alignright size-full is-resized\"><img loading=\"lazy\" decoding=\"async\" width=\"2560\" height=\"1920\" src=\"https:\/\/remko.ee\/wp-content\/uploads\/2024\/09\/remko_loikelaud-scaled.jpg\" alt=\"\" class=\"wp-image-253\" style=\"aspect-ratio:4\/3;object-fit:cover;width:624px\" srcset=\"https:\/\/remko.ee\/wp-content\/uploads\/2024\/09\/remko_loikelaud-scaled.jpg 2560w, https:\/\/remko.ee\/wp-content\/uploads\/2024\/09\/remko_loikelaud-scaled-600x450.jpg 600w, https:\/\/remko.ee\/wp-content\/uploads\/2024\/09\/remko_loikelaud-300x225.jpg 300w, https:\/\/remko.ee\/wp-content\/uploads\/2024\/09\/remko_loikelaud-1024x768.jpg 1024w, https:\/\/remko.ee\/wp-content\/uploads\/2024\/09\/remko_loikelaud-768x576.jpg 768w, https:\/\/remko.ee\/wp-content\/uploads\/2024\/09\/remko_loikelaud-1536x1152.jpg 1536w, https:\/\/remko.ee\/wp-content\/uploads\/2024\/09\/remko_loikelaud-2048x1536.jpg 2048w, https:\/\/remko.ee\/wp-content\/uploads\/2024\/09\/remko_loikelaud-16x12.jpg 16w\" sizes=\"auto, (max-width: 2560px) 100vw, 2560px\" \/><\/figure>\n<\/div>\n<\/div>\n\n\n\n<p><\/p>","protected":false},"excerpt":{"rendered":"<p>T\u00f6\u00f6stusseadmete remonditeenused Pakume laia valikut teenuseid, et teie t\u00f6\u00f6stusseadmed saaks taas t\u00f6\u00f6korda. Meie spetsialistid oskavad aidata nii v\u00e4ikeste remontide kui suurte parandustega. T\u00f6\u00f6stusseadmete parandus Remko Remont spetsialiseerub erinevate t\u00f6\u00f6stusseadmete remondile ja hooldusele: Remko t\u00f6\u00f6koda Meil on Tallinnas, aadressil Paavli 6, remondibaas, kus teostame j\u00e4rgnevaid t\u00f6id: Vajadusel s\u00f5idame kliendi juurde kohale. Masin ei t\u00f6\u00f6ta ootusp\u00e4raselt? V\u00f5ta [&hellip;]<\/p>","protected":false},"author":1,"featured_media":0,"parent":0,"menu_order":0,"comment_status":"closed","ping_status":"closed","template":"no-title","meta":{"footnotes":""},"class_list":["post-21","page","type-page","status-publish","hentry"],"aioseo_notices":[],"_links":{"self":[{"href":"https:\/\/remko.ee\/ru\/wp-json\/wp\/v2\/pages\/21","targetHints":{"allow":["GET"]}}],"collection":[{"href":"https:\/\/remko.ee\/ru\/wp-json\/wp\/v2\/pages"}],"about":[{"href":"https:\/\/remko.ee\/ru\/wp-json\/wp\/v2\/types\/page"}],"author":[{"embeddable":true,"href":"https:\/\/remko.ee\/ru\/wp-json\/wp\/v2\/users\/1"}],"replies":[{"embeddable":true,"href":"https:\/\/remko.ee\/ru\/wp-json\/wp\/v2\/comments?post=21"}],"version-history":[{"count":36,"href":"https:\/\/remko.ee\/ru\/wp-json\/wp\/v2\/pages\/21\/revisions"}],"predecessor-version":[{"id":370,"href":"https:\/\/remko.ee\/ru\/wp-json\/wp\/v2\/pages\/21\/revisions\/370"}],"wp:attachment":[{"href":"https:\/\/remko.ee\/ru\/wp-json\/wp\/v2\/media?parent=21"}],"curies":[{"name":"wp","href":"https:\/\/api.w.org\/{rel}","templated":true}]}}