{"id":20,"date":"2024-03-31T18:05:48","date_gmt":"2024-03-31T18:05:48","guid":{"rendered":"https:\/\/remko.eeavaleht\/"},"modified":"2025-12-05T00:10:29","modified_gmt":"2025-12-04T22:10:29","slug":"avaleht","status":"publish","type":"page","link":"https:\/\/remko.ee\/ru\/","title":{"rendered":"Remko &#8211; t\u00f6\u00f6stusseadmete remont ja hooldus"},"content":{"rendered":"<div class=\"wp-block-cover alignfull wp-duotone-unset-2\" style=\"margin-top:0;min-height:608px;aspect-ratio:unset;\"><img loading=\"lazy\" decoding=\"async\" width=\"2560\" height=\"1920\" class=\"wp-block-cover__image-background wp-image-250\" alt=\"\" src=\"https:\/\/remko.ee\/wp-content\/uploads\/2024\/09\/remko_saekaater-scaled.jpg\" data-object-fit=\"cover\" srcset=\"https:\/\/remko.ee\/wp-content\/uploads\/2024\/09\/remko_saekaater-scaled.jpg 2560w, https:\/\/remko.ee\/wp-content\/uploads\/2024\/09\/remko_saekaater-scaled-600x450.jpg 600w, https:\/\/remko.ee\/wp-content\/uploads\/2024\/09\/remko_saekaater-300x225.jpg 300w, https:\/\/remko.ee\/wp-content\/uploads\/2024\/09\/remko_saekaater-1024x768.jpg 1024w, https:\/\/remko.ee\/wp-content\/uploads\/2024\/09\/remko_saekaater-768x576.jpg 768w, https:\/\/remko.ee\/wp-content\/uploads\/2024\/09\/remko_saekaater-1536x1152.jpg 1536w, https:\/\/remko.ee\/wp-content\/uploads\/2024\/09\/remko_saekaater-2048x1536.jpg 2048w, https:\/\/remko.ee\/wp-content\/uploads\/2024\/09\/remko_saekaater-16x12.jpg 16w\" sizes=\"auto, (max-width: 2560px) 100vw, 2560px\" \/><span aria-hidden=\"true\" class=\"wp-block-cover__background has-black-background-color has-background-dim\"><\/span><div class=\"wp-block-cover__inner-container has-global-padding is-layout-constrained wp-block-cover-is-layout-constrained\">\n<div class=\"wp-block-group has-global-padding is-layout-constrained wp-block-group-is-layout-constrained\">\n<h1 class=\"wp-block-heading alignwide has-text-align-center has-text-color has-link-color wp-elements-d7d81c5367d8fa0c36bd5db80af09974\" style=\"color:#ffffff\">\u041f\u0440\u043e\u0444\u0435\u0441\u0441\u0438\u043e\u043d\u0430\u043b\u044c\u043d\u043e\u0435 \u043e\u0431\u0441\u043b\u0443\u0436\u0438\u0432\u0430\u043d\u0438\u0435 \u043f\u0440\u043e\u043c\u044b\u0448\u043b\u0435\u043d\u043d\u043e\u0433\u043e \u043e\u0431\u043e\u0440\u0443\u0434\u043e\u0432\u0430\u043d\u0438\u044f<\/h1>\n\n\n\n<p class=\"has-text-align-center\">Remko Group \u0437\u0430\u043d\u0438\u043c\u0430\u0435\u0442\u0441\u044f \u0440\u0435\u043c\u043e\u043d\u0442\u043e\u043c \u043f\u0440\u043e\u043c\u044b\u0448\u043b\u0435\u043d\u043d\u043e\u0433\u043e \u043e\u0431\u043e\u0440\u0443\u0434\u043e\u0432\u0430\u043d\u0438\u044f \u0438 \u0441\u0442\u0435\u043d\u0434\u043e\u0432 \u0434\u043b\u044f \u0440\u0435\u0437\u043a\u0438 \u043c\u0435\u0442\u0430\u043b\u043b\u0430. \u041d\u0430\u0448 \u0431\u043e\u0433\u0430\u0442\u044b\u0439 \u043e\u043f\u044b\u0442 \u0440\u0430\u0431\u043e\u0442\u044b \u043d\u0430 \u044d\u0441\u0442\u043e\u043d\u0441\u043a\u043e\u043c \u0440\u044b\u043d\u043a\u0435 \u0433\u0430\u0440\u0430\u043d\u0442\u0438\u0440\u0443\u0435\u0442 \u0432\u044b\u0441\u043e\u043a\u043e\u0435 \u043a\u0430\u0447\u0435\u0441\u0442\u0432\u043e \u0438 \u043d\u0430\u0434\u0435\u0436\u043d\u043e\u0441\u0442\u044c.<\/p>\n\n\n\n<div class=\"wp-block-buttons is-content-justification-center is-layout-flex wp-container-core-buttons-is-layout-a89b3969 wp-block-buttons-is-layout-flex\">\n<div class=\"wp-block-button is-style-outline is-style-outline--1\"><a class=\"wp-block-button__link wp-element-button\" href=\"https:\/\/remko.ee\/ru\/\u0443\u0441\u043b\u0443\u0433\u0438\/\">\u041f\u043e\u0441\u043c\u043e\u0442\u0440\u0435\u0442\u044c \u0443\u0441\u043b\u0443\u0433\u0438<\/a><\/div>\n\n\n\n<div class=\"wp-block-button\"><a class=\"wp-block-button__link wp-element-button\" href=\"#vota-uhendust\">\u0421\u0432\u044f\u0436\u0438\u0442\u0435\u0441\u044c \u0441 \u043d\u0430\u043c\u0438<\/a><\/div>\n<\/div>\n<\/div>\n\n\n\n<div style=\"height:45px\" aria-hidden=\"true\" class=\"wp-block-spacer\"><\/div>\n<\/div><\/div>\n\n\n\n<div class=\"wp-block-group alignfull has-background-background-color has-background has-global-padding is-layout-constrained wp-container-core-group-is-layout-7276a2bb wp-block-group-is-layout-constrained\" style=\"margin-top:0;margin-bottom:0;padding-top:var(--wp--preset--spacing--60);padding-right:var(--wp--preset--spacing--30);padding-bottom:var(--wp--preset--spacing--60);padding-left:var(--wp--preset--spacing--30)\">\n<h2 class=\"wp-block-heading alignwide has-text-align-center\">\u041f\u043e\u0447\u0435\u043c\u0443 \u0441\u0442\u043e\u0438\u0442 \u0432\u044b\u0431\u0440\u0430\u0442\u044c Remko?<\/h2>\n\n\n\n<div class=\"wp-block-group alignwide has-global-padding is-layout-constrained wp-block-group-is-layout-constrained\">\n<div class=\"wp-block-columns alignwide are-vertically-aligned-top is-layout-flex wp-container-core-columns-is-layout-28f84493 wp-block-columns-is-layout-flex\">\n<div class=\"wp-block-column is-vertically-aligned-top is-layout-flow wp-block-column-is-layout-flow\">\n<h4 class=\"wp-block-heading has-text-align-center has-primary-color has-text-color has-link-color wp-elements-7d0b9955368b55c0775cc07c0e725950\">\u041e\u043f\u044b\u0442<\/h4>\n\n\n\n<p class=\"has-text-align-center\">Remko Grupp \u0437\u0430\u043d\u0438\u043c\u0430\u0435\u0442\u0441\u044f \u0440\u0435\u043c\u043e\u043d\u0442\u043e\u043c \u043f\u0440\u043e\u043c\u044b\u0448\u043b\u0435\u043d\u043d\u043e\u0433\u043e \u043e\u0431\u043e\u0440\u0443\u0434\u043e\u0432\u0430\u043d\u0438\u044f \u0443\u0436\u0435 19 \u043b\u0435\u0442. \u041d\u0430\u0448\u0438 \u0441\u043f\u0435\u0446\u0438\u0430\u043b\u0438\u0441\u0442\u044b \u0438\u043c\u0435\u044e\u0442 \u043c\u043d\u043e\u0433\u043e\u043b\u0435\u0442\u043d\u0438\u0439 \u043e\u043f\u044b\u0442.<\/p>\n<\/div>\n\n\n\n<div class=\"wp-block-column is-vertically-aligned-top is-layout-flow wp-block-column-is-layout-flow\">\n<h4 class=\"wp-block-heading has-text-align-center has-primary-color has-text-color has-link-color wp-elements-9bbe22da8a12c6755c3cb7c20b4ccf62\">\u041f\u0440\u043e\u0444\u0435\u0441\u0441\u0438\u043e\u043d\u0430\u043b\u0438\u0437\u043c<\/h4>\n\n\n\n<p class=\"has-text-align-center\">\u041f\u0440\u043e\u0444\u0435\u0441\u0441\u0438\u043e\u043d\u0430\u043b\u0438\u0437\u043c Remko \u043e\u0442\u0440\u0430\u0436\u0430\u0435\u0442\u0441\u044f \u0432 \u0442\u0435\u0445\u043d\u0438\u0447\u0435\u0441\u043a\u0438\u0445 \u043d\u0430\u0432\u044b\u043a\u0430\u0445 \u0438 \u0431\u043e\u0433\u0430\u0442\u043e\u043c \u043e\u043f\u044b\u0442\u0435, \u0430 \u0442\u0430\u043a\u0436\u0435 \u0432 \u0438\u043d\u0434\u0438\u0432\u0438\u0434\u0443\u0430\u043b\u044c\u043d\u043e\u043c \u043f\u043e\u0434\u0445\u043e\u0434\u0435 \u043a \u043a\u0430\u0436\u0434\u043e\u043c\u0443 \u043a\u043b\u0438\u0435\u043d\u0442\u0443.<\/p>\n<\/div>\n\n\n\n<div class=\"wp-block-column is-layout-flow wp-block-column-is-layout-flow\">\n<h4 class=\"wp-block-heading has-text-align-center has-primary-color has-text-color has-link-color wp-elements-23dddb71ed37f1693759c6f90716a8a8\">\u041d\u0430\u0434\u0435\u0436\u043d\u043e\u0441\u0442\u044c<\/h4>\n\n\n\n<p class=\"has-text-align-center\">\u041c\u044b \u044f\u0432\u043b\u044f\u0435\u043c\u0441\u044f \u043d\u0430\u0434\u0435\u0436\u043d\u044b\u043c \u043f\u0430\u0440\u0442\u043d\u0435\u0440\u043e\u043c \u0434\u043b\u044f \u043c\u043d\u043e\u0433\u0438\u0445 \u043a\u043e\u043c\u043f\u0430\u043d\u0438\u0439 \u0432 \u0441\u0444\u0435\u0440\u0435 \u0440\u0435\u043c\u043e\u043d\u0442\u0430 \u0438 \u043e\u0431\u0441\u043b\u0443\u0436\u0438\u0432\u0430\u043d\u0438\u044f \u043f\u0440\u043e\u043c\u044b\u0448\u043b\u0435\u043d\u043d\u043e\u0433\u043e \u043e\u0431\u043e\u0440\u0443\u0434\u043e\u0432\u0430\u043d\u0438\u044f.<\/p>\n<\/div>\n<\/div>\n<\/div>\n<\/div>\n\n\n\n<div class=\"wp-block-group alignwide has-global-padding is-layout-constrained wp-block-group-is-layout-constrained\">\n<h2 class=\"wp-block-heading alignwide has-text-align-center\">\u0423\u0441\u043b\u0443\u0433\u0438, \u043f\u0440\u0435\u0434\u043b\u0430\u0433\u0430\u0435\u043c\u044b\u0435 \u043a\u043e\u043c\u043f\u0430\u043d\u0438\u0435\u0439 Remko<\/h2>\n\n\n\n<div class=\"wp-block-columns alignwide is-layout-flex wp-container-core-columns-is-layout-d0846407 wp-block-columns-is-layout-flex\">\n<div class=\"wp-block-column is-layout-flow wp-block-column-is-layout-flow\">\n<figure class=\"wp-block-image size-full has-custom-border ext-aspect-landscape\"><img loading=\"lazy\" decoding=\"async\" width=\"2560\" height=\"1224\" src=\"https:\/\/remko.ee\/wp-content\/uploads\/2024\/09\/remko_pink-scaled.jpg\" alt=\"\" class=\"wp-image-249\" style=\"border-radius:15px;aspect-ratio:4\/3;object-fit:cover\" srcset=\"https:\/\/remko.ee\/wp-content\/uploads\/2024\/09\/remko_pink-scaled.jpg 2560w, https:\/\/remko.ee\/wp-content\/uploads\/2024\/09\/remko_pink-scaled-600x287.jpg 600w, https:\/\/remko.ee\/wp-content\/uploads\/2024\/09\/remko_pink-300x143.jpg 300w, https:\/\/remko.ee\/wp-content\/uploads\/2024\/09\/remko_pink-1024x490.jpg 1024w, https:\/\/remko.ee\/wp-content\/uploads\/2024\/09\/remko_pink-768x367.jpg 768w, https:\/\/remko.ee\/wp-content\/uploads\/2024\/09\/remko_pink-1536x734.jpg 1536w, https:\/\/remko.ee\/wp-content\/uploads\/2024\/09\/remko_pink-2048x979.jpg 2048w, https:\/\/remko.ee\/wp-content\/uploads\/2024\/09\/remko_pink-18x9.jpg 18w\" sizes=\"auto, (max-width: 2560px) 100vw, 2560px\" \/><\/figure>\n\n\n\n<h3 class=\"wp-block-heading has-text-align-center\" style=\"margin-top:24px;font-size:clamp(14px, 0.875rem + ((1vw - 3.2px) * 0.625), 20px);line-height:1.5\">\u0420\u0435\u043c\u043e\u043d\u0442 \u043f\u0440\u043e\u043c\u044b\u0448\u043b\u0435\u043d\u043d\u043e\u0433\u043e \u043e\u0431\u043e\u0440\u0443\u0434\u043e\u0432\u0430\u043d\u0438\u044f<\/h3>\n\n\n\n<p class=\"has-text-align-center has-small-font-size\" style=\"margin-top:8px\">\u041c\u044b \u0441\u043f\u0435\u0446\u0438\u0430\u043b\u0438\u0437\u0438\u0440\u0443\u0435\u043c\u0441\u044f \u043d\u0430 \u0440\u0435\u043c\u043e\u043d\u0442\u0435 \u0440\u0430\u0437\u043b\u0438\u0447\u043d\u043e\u0433\u043e \u043f\u0440\u043e\u043c\u044b\u0448\u043b\u0435\u043d\u043d\u043e\u0433\u043e \u043e\u0431\u043e\u0440\u0443\u0434\u043e\u0432\u0430\u043d\u0438\u044f. \u041c\u044b \u043f\u043e\u043d\u0438\u043c\u0430\u0435\u043c \u0432\u0441\u044e \u0441\u043b\u043e\u0436\u043d\u043e\u0441\u0442\u044c \u043f\u0440\u043e\u043c\u044b\u0448\u043b\u0435\u043d\u043d\u044b\u0445 \u043e\u043f\u0435\u0440\u0430\u0446\u0438\u0439, \u0438 \u043d\u0430\u0448\u0430 \u0446\u0435\u043b\u044c - \u0441\u043e\u043a\u0440\u0430\u0442\u0438\u0442\u044c \u0432\u0440\u0435\u043c\u044f \u043f\u0440\u043e\u0441\u0442\u043e\u044f \u0437\u0430 \u0441\u0447\u0435\u0442 \u0431\u044b\u0441\u0442\u0440\u043e\u0433\u043e \u043e\u0431\u0441\u043b\u0443\u0436\u0438\u0432\u0430\u043d\u0438\u044f.<br><\/p>\n<\/div>\n\n\n\n<div class=\"wp-block-column is-layout-flow wp-block-column-is-layout-flow\">\n<figure class=\"wp-block-image size-full has-custom-border ext-aspect-landscape\"><img loading=\"lazy\" decoding=\"async\" width=\"2560\" height=\"1957\" src=\"https:\/\/remko.ee\/wp-content\/uploads\/2024\/09\/remko_parandus-scaled.jpg\" alt=\"\" class=\"wp-image-266\" style=\"border-radius:15px;aspect-ratio:4\/3;object-fit:cover\" srcset=\"https:\/\/remko.ee\/wp-content\/uploads\/2024\/09\/remko_parandus-scaled.jpg 2560w, https:\/\/remko.ee\/wp-content\/uploads\/2024\/09\/remko_parandus-scaled-600x459.jpg 600w, https:\/\/remko.ee\/wp-content\/uploads\/2024\/09\/remko_parandus-300x229.jpg 300w, https:\/\/remko.ee\/wp-content\/uploads\/2024\/09\/remko_parandus-1024x783.jpg 1024w, https:\/\/remko.ee\/wp-content\/uploads\/2024\/09\/remko_parandus-768x587.jpg 768w, https:\/\/remko.ee\/wp-content\/uploads\/2024\/09\/remko_parandus-1536x1174.jpg 1536w, https:\/\/remko.ee\/wp-content\/uploads\/2024\/09\/remko_parandus-2048x1566.jpg 2048w, https:\/\/remko.ee\/wp-content\/uploads\/2024\/09\/remko_parandus-16x12.jpg 16w\" sizes=\"auto, (max-width: 2560px) 100vw, 2560px\" \/><\/figure>\n\n\n\n<h3 class=\"wp-block-heading has-text-align-center\" style=\"margin-top:24px;font-size:clamp(14px, 0.875rem + ((1vw - 3.2px) * 0.625), 20px);line-height:1.5\">\u041f\u0440\u043e\u0444\u0438\u043b\u0430\u043a\u0442\u0438\u0447\u0435\u0441\u043a\u043e\u0435 \u043e\u0431\u0441\u043b\u0443\u0436\u0438\u0432\u0430\u043d\u0438\u0435<\/h3>\n\n\n\n<p class=\"has-text-align-center has-small-font-size\" style=\"margin-top:8px\">\u041f\u0440\u043e\u0444\u0438\u043b\u0430\u043a\u0442\u0438\u0447\u0435\u0441\u043a\u043e\u0435 \u043e\u0431\u0441\u043b\u0443\u0436\u0438\u0432\u0430\u043d\u0438\u0435 \u0438\u043c\u0435\u0435\u0442 \u0440\u0435\u0448\u0430\u044e\u0449\u0435\u0435 \u0437\u043d\u0430\u0447\u0435\u043d\u0438\u0435 \u0434\u043b\u044f \u043f\u0440\u043e\u0434\u043b\u0435\u043d\u0438\u044f \u0441\u0440\u043e\u043a\u0430 \u0441\u043b\u0443\u0436\u0431\u044b \u0432\u0430\u0448\u0435\u0433\u043e \u043e\u0431\u043e\u0440\u0443\u0434\u043e\u0432\u0430\u043d\u0438\u044f. \u0420\u0435\u0433\u0443\u043b\u044f\u0440\u043d\u044b\u0435 \u043e\u0441\u043c\u043e\u0442\u0440\u044b \u043f\u043e\u043c\u043e\u0433\u0443\u0442 \u0432\u044b\u044f\u0432\u0438\u0442\u044c \u043f\u043e\u0442\u0435\u043d\u0446\u0438\u0430\u043b\u044c\u043d\u044b\u0435 \u043f\u0440\u043e\u0431\u043b\u0435\u043c\u044b \u0434\u043e \u0442\u043e\u0433\u043e, \u043a\u0430\u043a \u043e\u043d\u0438 \u0441\u0442\u0430\u043d\u0443\u0442 \u0441\u0435\u0440\u044c\u0435\u0437\u043d\u044b\u043c\u0438.<\/p>\n<\/div>\n\n\n\n<div class=\"wp-block-column is-layout-flow wp-block-column-is-layout-flow\">\n<figure class=\"wp-block-image size-full has-custom-border ext-aspect-landscape\"><img loading=\"lazy\" decoding=\"async\" width=\"2560\" height=\"1920\" src=\"https:\/\/remko.ee\/wp-content\/uploads\/2024\/09\/remko_press-scaled.jpg\" alt=\"\" class=\"wp-image-251\" style=\"border-radius:15px;aspect-ratio:4\/3;object-fit:cover\" srcset=\"https:\/\/remko.ee\/wp-content\/uploads\/2024\/09\/remko_press-scaled.jpg 2560w, https:\/\/remko.ee\/wp-content\/uploads\/2024\/09\/remko_press-scaled-600x450.jpg 600w, https:\/\/remko.ee\/wp-content\/uploads\/2024\/09\/remko_press-300x225.jpg 300w, https:\/\/remko.ee\/wp-content\/uploads\/2024\/09\/remko_press-1024x768.jpg 1024w, https:\/\/remko.ee\/wp-content\/uploads\/2024\/09\/remko_press-768x576.jpg 768w, https:\/\/remko.ee\/wp-content\/uploads\/2024\/09\/remko_press-1536x1152.jpg 1536w, https:\/\/remko.ee\/wp-content\/uploads\/2024\/09\/remko_press-2048x1536.jpg 2048w, https:\/\/remko.ee\/wp-content\/uploads\/2024\/09\/remko_press-16x12.jpg 16w\" sizes=\"auto, (max-width: 2560px) 100vw, 2560px\" \/><\/figure>\n\n\n\n<h3 class=\"wp-block-heading has-text-align-center\" style=\"margin-top:24px;font-size:clamp(14px, 0.875rem + ((1vw - 3.2px) * 0.625), 20px);line-height:1.5\">\u0417\u0430\u043c\u0435\u043d\u0430 \u0437\u0430\u043f\u0430\u0441\u043d\u044b\u0445 \u0447\u0430\u0441\u0442\u0435\u0439<\/h3>\n\n\n\n<p class=\"has-text-align-center has-small-font-size\" style=\"margin-top:8px\">\u041c\u044b \u0437\u0430\u043c\u0435\u043d\u044f\u0435\u043c \u0438\u0437\u043d\u043e\u0448\u0435\u043d\u043d\u044b\u0435 \u0438\u043b\u0438 \u0441\u043b\u043e\u043c\u0430\u043d\u043d\u044b\u0435 \u0434\u0435\u0442\u0430\u043b\u0438 \u043d\u0430 \u043d\u043e\u0432\u044b\u0435. \u041c\u044b \u0434\u0438\u0430\u0433\u043d\u043e\u0441\u0442\u0438\u0440\u0443\u0435\u043c \u043f\u0440\u043e\u0431\u043b\u0435\u043c\u0443, \u0441\u0430\u043c\u0438 \u043d\u0430\u0445\u043e\u0434\u0438\u043c \u0437\u0430\u043f\u0430\u0441\u043d\u044b\u0435 \u0447\u0430\u0441\u0442\u0438 \u0438 \u0437\u0430\u043c\u0435\u043d\u044f\u0435\u043c \u0441\u0442\u0430\u0440\u044b\u0435 \u043d\u0430 \u043d\u043e\u0432\u044b\u0435, \u043e\u0431\u0435\u0441\u043f\u0435\u0447\u0438\u0432\u0430\u044f \u043d\u0430\u0434\u0435\u0436\u043d\u043e\u0441\u0442\u044c \u0438 \u0434\u043e\u043b\u0433\u0438\u0439 \u0441\u0440\u043e\u043a \u0441\u043b\u0443\u0436\u0431\u044b \u043e\u0431\u043e\u0440\u0443\u0434\u043e\u0432\u0430\u043d\u0438\u044f.<br><\/p>\n<\/div>\n<\/div>\n\n\n\n<div class=\"wp-block-buttons is-content-justification-center is-layout-flex wp-container-core-buttons-is-layout-a89b3969 wp-block-buttons-is-layout-flex\">\n<div class=\"wp-block-button\"><a class=\"wp-block-button__link has-text-align-center wp-element-button\" href=\"https:\/\/remko.ee\/ru\/\u0443\u0441\u043b\u0443\u0433\u0438\/\">\u041f\u043e\u0434\u0440\u043e\u0431\u043d\u0435\u0435 \u043e\u0431 \u0443\u0441\u043b\u0443\u0433\u0430\u0445<\/a><\/div>\n<\/div>\n\n\n\n<div style=\"height:17px\" aria-hidden=\"true\" class=\"wp-block-spacer\"><\/div>\n<\/div>\n\n\n\n<div class=\"wp-block-group alignfull has-background-background-color has-background has-global-padding is-layout-constrained wp-container-core-group-is-layout-7276a2bb wp-block-group-is-layout-constrained\" id=\"vota-uhendust\" style=\"margin-top:0;margin-bottom:0;padding-top:var(--wp--preset--spacing--60);padding-right:var(--wp--preset--spacing--30);padding-bottom:var(--wp--preset--spacing--60);padding-left:var(--wp--preset--spacing--30)\">\n<div class=\"wp-block-columns alignwide is-layout-flex wp-container-core-columns-is-layout-28f84493 wp-block-columns-is-layout-flex\">\n<div class=\"wp-block-column is-layout-flow wp-block-column-is-layout-flow\">\n<p style=\"margin-top:0;margin-bottom:0;text-transform:uppercase\">\u0421\u0432\u044f\u0437\u0430\u0442\u044c\u0441\u044f \u0441<\/p>\n\n\n\n<div class=\"wpcf7 no-js\" id=\"wpcf7-f284-o1\" lang=\"et\" dir=\"ltr\" data-wpcf7-id=\"284\">\n<div class=\"screen-reader-response\"><p role=\"status\" aria-live=\"polite\" aria-atomic=\"true\"><\/p> <ul><\/ul><\/div>\n<form action=\"\/ru\/wp-json\/wp\/v2\/pages\/20#wpcf7-f284-o1\" method=\"post\" class=\"wpcf7-form init wpb_gqb_form_product_info_show\" aria-label=\"\u041a\u043e\u043d\u0442\u0430\u043a\u0442\u043d\u0430\u044f \u0444\u043e\u0440\u043c\u0430\" novalidate=\"novalidate\" data-status=\"init\" data-trp-original-action=\"\/ru\/wp-json\/wp\/v2\/pages\/20#wpcf7-f284-o1\">\n<fieldset class=\"hidden-fields-container\"><input type=\"hidden\" name=\"_wpcf7\" value=\"284\" \/><input type=\"hidden\" name=\"_wpcf7_version\" value=\"6.1.5\" \/><input type=\"hidden\" name=\"_wpcf7_locale\" value=\"et\" \/><input type=\"hidden\" name=\"_wpcf7_unit_tag\" value=\"wpcf7-f284-o1\" \/><input type=\"hidden\" name=\"_wpcf7_container_post\" value=\"0\" \/><input type=\"hidden\" name=\"_wpcf7_posted_data_hash\" value=\"\" \/><input type=\"hidden\" name=\"_wpcf7_recaptcha_response\" value=\"\" \/>\n<\/fieldset>\n<p><label> Nimi<br \/>\n<span class=\"wpcf7-form-control-wrap\" data-name=\"your-name\"><input size=\"40\" maxlength=\"400\" class=\"wpcf7-form-control wpcf7-text wpcf7-validates-as-required\" autocomplete=\"name\" aria-required=\"true\" aria-invalid=\"false\" value=\"\" type=\"text\" name=\"your-name\" \/><\/span> <\/label>\n<\/p>\n<p><label> Email<br \/>\n<span class=\"wpcf7-form-control-wrap\" data-name=\"your-email\"><input size=\"40\" maxlength=\"400\" class=\"wpcf7-form-control wpcf7-email wpcf7-validates-as-required wpcf7-text wpcf7-validates-as-email\" autocomplete=\"email\" aria-required=\"true\" aria-invalid=\"false\" value=\"\" type=\"email\" name=\"your-email\" \/><\/span> <\/label>\n<\/p>\n<p><label> Sinu s\u00f5num<br \/>\n<span class=\"wpcf7-form-control-wrap\" data-name=\"your-message\"><textarea cols=\"40\" rows=\"10\" maxlength=\"2000\" class=\"wpcf7-form-control wpcf7-textarea wpcf7-validates-as-required\" aria-required=\"true\" aria-invalid=\"false\" name=\"your-message\"><\/textarea><\/span> <\/label>\n<\/p>\n<p><input class=\"wpcf7-form-control wpcf7-submit has-spinner wp-block-button__link wp-element-button\" type=\"submit\" value=\"\u041e\u0442\u043f\u0440\u0430\u0432\u0438\u0442\u044c\" \/>\n<\/p><div class=\"wpcf7-response-output\" aria-hidden=\"true\"><\/div>\n<input type=\"hidden\" name=\"trp-form-language\" value=\"ru\"\/><\/form>\n<\/div>\n\n<\/div>\n\n\n\n<div class=\"wp-block-column is-layout-flow wp-block-column-is-layout-flow\">\n<h2 class=\"wp-block-heading\">\u0421\u0432\u044f\u0437\u0430\u0442\u044c\u0441\u044f \u0441 \u0420\u0435\u043c\u043a\u043e<\/h2>\n\n\n\n<p>Kirjuta info@remko.ee v\u00f5i helista<\/p>\n\n\n\n<h3 class=\"wp-block-heading\" style=\"line-height:0.1\"><a href=\"tel:+37255510300\">+372 55 510 300<\/a><\/h3>\n\n\n\n<p>Asume Tallinnas, aadressil <br>Paavli 6,&nbsp;Tallinn 10412<\/p>\n<\/div>\n<\/div>\n<\/div>","protected":false},"excerpt":{"rendered":"<p>Miks valida Remko? Kogemus Remko Grupp on t\u00f6\u00f6stusseadmeid remontinud 19 aastat. Meie spetsialistid omavad aastatepikkust t\u00f6\u00f6\u0161taasi. Professionaalsus Remko professionaalsus v\u00e4ljendub nii tehnilistes oskustes kui individuaalses l\u00e4henemises igale kliendile. Usaldusv\u00e4\u00e4rsus Oleme usaldusv\u00e4\u00e4rse partner paljudele ettev\u00f5tetele t\u00f6\u00f6stusseadmete remondi ja hoolduse valdkonnas. Remko pakutavad teenused T\u00f6\u00f6stusseadmete parandus Oleme spetsialiseerume erinevate t\u00f6\u00f6stusseadmete parandamisele. M\u00f5istame t\u00f6\u00f6stuslike tegevuste keerukust ning meie [&hellip;]<\/p>","protected":false},"author":1,"featured_media":0,"parent":0,"menu_order":0,"comment_status":"closed","ping_status":"closed","template":"no-title","meta":{"footnotes":""},"class_list":["post-20","page","type-page","status-publish","hentry"],"aioseo_notices":[],"_links":{"self":[{"href":"https:\/\/remko.ee\/ru\/wp-json\/wp\/v2\/pages\/20","targetHints":{"allow":["GET"]}}],"collection":[{"href":"https:\/\/remko.ee\/ru\/wp-json\/wp\/v2\/pages"}],"about":[{"href":"https:\/\/remko.ee\/ru\/wp-json\/wp\/v2\/types\/page"}],"author":[{"embeddable":true,"href":"https:\/\/remko.ee\/ru\/wp-json\/wp\/v2\/users\/1"}],"replies":[{"embeddable":true,"href":"https:\/\/remko.ee\/ru\/wp-json\/wp\/v2\/comments?post=20"}],"version-history":[{"count":32,"href":"https:\/\/remko.ee\/ru\/wp-json\/wp\/v2\/pages\/20\/revisions"}],"predecessor-version":[{"id":517,"href":"https:\/\/remko.ee\/ru\/wp-json\/wp\/v2\/pages\/20\/revisions\/517"}],"wp:attachment":[{"href":"https:\/\/remko.ee\/ru\/wp-json\/wp\/v2\/media?parent=20"}],"curies":[{"name":"wp","href":"https:\/\/api.w.org\/{rel}","templated":true}]}}