{"id":542,"date":"2026-02-16T09:51:44","date_gmt":"2026-02-16T07:51:44","guid":{"rendered":"https:\/\/remko.ee\/?post_type=product&#038;p=542"},"modified":"2026-02-16T11:37:52","modified_gmt":"2026-02-16T09:37:52","slug":"treipink-ungari","status":"publish","type":"product","link":"https:\/\/remko.ee\/et\/toostuslikud-seadmed\/kasutatud-toostusseadmed\/treipink-ungari\/","title":{"rendered":"Treipink Ungari"},"content":{"rendered":"<p>Vana, aga t\u00f6\u00f6korras treipink.<br \/>\nSobib h\u00e4sti kodu garaazi.<br \/>\nFunktsioonid t\u00f6\u00f6tavad.<\/p>\n<p>M\u00f5ned silidid kadunud.<\/p>\n<p>400V.<\/p>\n<p>Transpordi ja proovimise v\u00f5imalus.<\/p>\n<p>Tallinn.<\/p>\n","protected":false},"excerpt":{"rendered":"<p>Vana, aga t\u00f6\u00f6korras treipink. Sobib h\u00e4sti kodu garaazi. Funktsioonid t\u00f6\u00f6tavad. M\u00f5ned silidid kadunud. 400V. Transpordi ja proovimise v\u00f5imalus. Tallinn.<\/p>\n","protected":false},"featured_media":537,"comment_status":"open","ping_status":"closed","template":"","meta":[],"product_brand":[],"product_cat":[32],"product_tag":[],"class_list":{"0":"post-542","1":"product","2":"type-product","3":"status-publish","4":"has-post-thumbnail","6":"product_cat-kasutatud-toostusseadmed","8":"first","9":"instock","10":"shipping-taxable","11":"purchasable","12":"product-type-simple"},"aioseo_notices":[],"_links":{"self":[{"href":"https:\/\/remko.ee\/et\/wp-json\/wp\/v2\/product\/542","targetHints":{"allow":["GET"]}}],"collection":[{"href":"https:\/\/remko.ee\/et\/wp-json\/wp\/v2\/product"}],"about":[{"href":"https:\/\/remko.ee\/et\/wp-json\/wp\/v2\/types\/product"}],"replies":[{"embeddable":true,"href":"https:\/\/remko.ee\/et\/wp-json\/wp\/v2\/comments?post=542"}],"wp:featuredmedia":[{"embeddable":true,"href":"https:\/\/remko.ee\/et\/wp-json\/wp\/v2\/media\/537"}],"wp:attachment":[{"href":"https:\/\/remko.ee\/et\/wp-json\/wp\/v2\/media?parent=542"}],"wp:term":[{"taxonomy":"product_brand","embeddable":true,"href":"https:\/\/remko.ee\/et\/wp-json\/wp\/v2\/product_brand?post=542"},{"taxonomy":"product_cat","embeddable":true,"href":"https:\/\/remko.ee\/et\/wp-json\/wp\/v2\/product_cat?post=542"},{"taxonomy":"product_tag","embeddable":true,"href":"https:\/\/remko.ee\/et\/wp-json\/wp\/v2\/product_tag?post=542"}],"curies":[{"name":"wp","href":"https:\/\/api.w.org\/{rel}","templated":true}]}}