{"id":432,"date":"2025-09-16T14:48:41","date_gmt":"2025-09-16T12:48:41","guid":{"rendered":"https:\/\/remko.ee\/?post_type=product&#038;p=432"},"modified":"2026-02-16T09:28:17","modified_gmt":"2026-02-16T07:28:17","slug":"hooldus-garantii","status":"publish","type":"product","link":"https:\/\/remko.ee\/et\/toostuslikud-seadmed\/teenused\/hooldus-garantii\/","title":{"rendered":"Hooldus &#038; avariit\u00f6\u00f6d"},"content":{"rendered":"<p data-start=\"493\" data-end=\"624\">Pakume professionaalset t\u00f6\u00f6stusseadmete hooldust ja kiiret avariiremonti tootmisettev\u00f5tetele, t\u00f6\u00f6kodadele ja kinnisvarahalduritele.<\/p>\n<p data-start=\"626\" data-end=\"642\">Meie eesm\u00e4rk on:<\/p>\n<ul data-start=\"644\" data-end=\"773\">\n<li data-start=\"644\" data-end=\"672\">\n<p data-start=\"646\" data-end=\"672\">\u2714\ufe0f v\u00e4hendada seisakuaega<\/p>\n<\/li>\n<li data-start=\"673\" data-end=\"705\">\n<p data-start=\"675\" data-end=\"705\">\u2714\ufe0f pikendada seadmete eluiga<\/p>\n<\/li>\n<li data-start=\"706\" data-end=\"739\">\n<p data-start=\"708\" data-end=\"739\">\u2714\ufe0f ennetada suuremaid rikkeid<\/p>\n<\/li>\n<li data-start=\"740\" data-end=\"773\">\n<p data-start=\"742\" data-end=\"773\">\u2714\ufe0f tagada tootmise t\u00f6\u00f6kindlus<\/p>\n<\/li>\n<\/ul>\n<p data-start=\"775\" data-end=\"877\">Tegutseme kiiresti ja praktiliselt \u2013 lahendame probleeme kohapeal v\u00f5i vajadusel viime seadme t\u00f6\u00f6kotta.<\/p>\n","protected":false},"excerpt":{"rendered":"<p>Pakume professionaalset t\u00f6\u00f6stusseadmete hooldust ja kiiret avariiremonti tootmisettev\u00f5tetele, t\u00f6\u00f6kodadele ja kinnisvarahalduritele. Meie eesm\u00e4rk on: \u2714\ufe0f v\u00e4hendada seisakuaega \u2714\ufe0f pikendada seadmete eluiga \u2714\ufe0f ennetada suuremaid rikkeid \u2714\ufe0f tagada tootmise t\u00f6\u00f6kindlus Tegutseme kiiresti ja praktiliselt \u2013 lahendame probleeme kohapeal v\u00f5i vajadusel viime seadme t\u00f6\u00f6kotta.<\/p>\n","protected":false},"featured_media":308,"comment_status":"open","ping_status":"closed","template":"","meta":[],"product_brand":[],"product_cat":[33],"product_tag":[],"class_list":{"0":"post-432","1":"product","2":"type-product","3":"status-publish","4":"has-post-thumbnail","6":"product_cat-teenused","8":"first","9":"instock","10":"shipping-taxable","11":"purchasable","12":"product-type-simple"},"aioseo_notices":[],"_links":{"self":[{"href":"https:\/\/remko.ee\/et\/wp-json\/wp\/v2\/product\/432","targetHints":{"allow":["GET"]}}],"collection":[{"href":"https:\/\/remko.ee\/et\/wp-json\/wp\/v2\/product"}],"about":[{"href":"https:\/\/remko.ee\/et\/wp-json\/wp\/v2\/types\/product"}],"replies":[{"embeddable":true,"href":"https:\/\/remko.ee\/et\/wp-json\/wp\/v2\/comments?post=432"}],"wp:featuredmedia":[{"embeddable":true,"href":"https:\/\/remko.ee\/et\/wp-json\/wp\/v2\/media\/308"}],"wp:attachment":[{"href":"https:\/\/remko.ee\/et\/wp-json\/wp\/v2\/media?parent=432"}],"wp:term":[{"taxonomy":"product_brand","embeddable":true,"href":"https:\/\/remko.ee\/et\/wp-json\/wp\/v2\/product_brand?post=432"},{"taxonomy":"product_cat","embeddable":true,"href":"https:\/\/remko.ee\/et\/wp-json\/wp\/v2\/product_cat?post=432"},{"taxonomy":"product_tag","embeddable":true,"href":"https:\/\/remko.ee\/et\/wp-json\/wp\/v2\/product_tag?post=432"}],"curies":[{"name":"wp","href":"https:\/\/api.w.org\/{rel}","templated":true}]}}