{"id":21,"date":"2024-03-31T18:05:48","date_gmt":"2024-03-31T18:05:48","guid":{"rendered":"https:\/\/remko.eeteenused\/"},"modified":"2025-07-24T07:43:48","modified_gmt":"2025-07-24T05:43:48","slug":"teenused","status":"publish","type":"page","link":"https:\/\/remko.ee\/et\/teenused\/","title":{"rendered":"Teenused"},"content":{"rendered":"\n<div class=\"wp-block-group alignwide has-global-padding is-content-justification-center is-layout-constrained wp-block-group-is-layout-constrained\">\n<h2 class=\"wp-block-heading has-text-align-center\" style=\"padding-top:var(--wp--preset--spacing--20);padding-bottom:var(--wp--preset--spacing--20)\">T\u00f6\u00f6stusseadmete remonditeenused<\/h2>\n\n\n\n<p class=\"has-text-align-center\">Pakume laia valikut teenuseid, et teie t\u00f6\u00f6stusseadmed saaks taas t\u00f6\u00f6korda. Meie spetsialistid oskavad aidata nii v\u00e4ikeste remontide kui suurte parandustega.<\/p>\n<\/div>\n\n\n\n<div class=\"wp-block-columns alignwide is-layout-flex wp-container-core-columns-is-layout-28f84493 wp-block-columns-is-layout-flex\">\n<div class=\"wp-block-column is-layout-flow wp-block-column-is-layout-flow\">\n<figure class=\"wp-block-image size-full is-resized\"><img loading=\"lazy\" decoding=\"async\" width=\"2560\" height=\"1920\" src=\"https:\/\/remko.ee\/wp-content\/uploads\/2024\/09\/remko_masin-scaled.jpg\" alt=\"\" class=\"wp-image-248\" style=\"aspect-ratio:4\/3;object-fit:cover;width:624px;height:auto\" srcset=\"https:\/\/remko.ee\/wp-content\/uploads\/2024\/09\/remko_masin-scaled.jpg 2560w, https:\/\/remko.ee\/wp-content\/uploads\/2024\/09\/remko_masin-scaled-600x450.jpg 600w, https:\/\/remko.ee\/wp-content\/uploads\/2024\/09\/remko_masin-300x225.jpg 300w, https:\/\/remko.ee\/wp-content\/uploads\/2024\/09\/remko_masin-1024x768.jpg 1024w, https:\/\/remko.ee\/wp-content\/uploads\/2024\/09\/remko_masin-768x576.jpg 768w, https:\/\/remko.ee\/wp-content\/uploads\/2024\/09\/remko_masin-1536x1152.jpg 1536w, https:\/\/remko.ee\/wp-content\/uploads\/2024\/09\/remko_masin-2048x1536.jpg 2048w, https:\/\/remko.ee\/wp-content\/uploads\/2024\/09\/remko_masin-16x12.jpg 16w\" sizes=\"auto, (max-width: 2560px) 100vw, 2560px\" \/><\/figure>\n<\/div>\n\n\n\n<div class=\"wp-block-column is-layout-flow wp-block-column-is-layout-flow\">\n<div class=\"wp-block-group has-global-padding is-layout-constrained wp-block-group-is-layout-constrained\">\n<h4 class=\"wp-block-heading\">T\u00f6\u00f6stusseadmete parandus<\/h4>\n\n\n\n<p>Remko Remont spetsialiseerub erinevate t\u00f6\u00f6stusseadmete remondile ja hooldusele:<\/p>\n\n\n\n<ul class=\"wp-block-list\">\n<li>T\u00f5stemehhanismide remont<\/li>\n\n\n\n<li>Kraanade telfrite remont<\/li>\n\n\n\n<li>Keevitusseadmete remont<\/li>\n\n\n\n<li>Reduktorite remont<\/li>\n\n\n\n<li>Seadmete kolimine, montaaz ja paigaldus<\/li>\n\n\n\n<li>Elektroonilised t\u00f6\u00f6d<\/li>\n\n\n\n<li>Elektriskeemide uuendamine<\/li>\n\n\n\n<li>Seadmete juhtimine kontrolleritega<\/li>\n\n\n\n<li>H\u00fcdraulika ja pneumaatika seadmete remont<\/li>\n\n\n\n<li>Protot\u00fc\u00fcpimine<\/li>\n<\/ul>\n<\/div>\n<\/div>\n<\/div>\n\n\n\n<div class=\"wp-block-columns alignwide is-layout-flex wp-container-core-columns-is-layout-28f84493 wp-block-columns-is-layout-flex\">\n<div class=\"wp-block-column is-layout-flow wp-block-column-is-layout-flow\">\n<div class=\"wp-block-group has-global-padding is-layout-constrained wp-block-group-is-layout-constrained\">\n<h4 class=\"wp-block-heading\">Remko t\u00f6\u00f6koda<\/h4>\n\n\n\n<p>Meil on Tallinnas, aadressil Paavli 6, remondibaas, kus teostame j\u00e4rgnevaid t\u00f6id:<\/p>\n\n\n\n<ul class=\"wp-block-list\">\n<li>Treimist\u00f6\u00f6d<\/li>\n\n\n\n<li>Freesimist\u00f6\u00f6d<\/li>\n\n\n\n<li>Tasalihv (kuni 1200mm)<\/li>\n\n\n\n<li>Termot\u00f6\u00f6tlust<\/li>\n\n\n\n<li>Soonefrees<\/li>\n\n\n\n<li>Keevitust\u00f6\u00f6d<\/li>\n\n\n\n<li>Press 100t<\/li>\n<\/ul>\n\n\n\n<p>Vajadusel s\u00f5idame kliendi juurde kohale. <\/p>\n<\/div>\n<\/div>\n\n\n\n<div class=\"wp-block-column is-layout-flow wp-block-column-is-layout-flow\">\n<figure class=\"wp-block-image size-full is-resized\"><img loading=\"lazy\" decoding=\"async\" width=\"2560\" height=\"1920\" src=\"https:\/\/remko.ee\/wp-content\/uploads\/2024\/09\/remko_saekaater-scaled.jpg\" alt=\"\" class=\"wp-image-250\" style=\"aspect-ratio:4\/3;object-fit:cover;width:624px;height:auto\" srcset=\"https:\/\/remko.ee\/wp-content\/uploads\/2024\/09\/remko_saekaater-scaled.jpg 2560w, https:\/\/remko.ee\/wp-content\/uploads\/2024\/09\/remko_saekaater-scaled-600x450.jpg 600w, https:\/\/remko.ee\/wp-content\/uploads\/2024\/09\/remko_saekaater-300x225.jpg 300w, https:\/\/remko.ee\/wp-content\/uploads\/2024\/09\/remko_saekaater-1024x768.jpg 1024w, https:\/\/remko.ee\/wp-content\/uploads\/2024\/09\/remko_saekaater-768x576.jpg 768w, https:\/\/remko.ee\/wp-content\/uploads\/2024\/09\/remko_saekaater-1536x1152.jpg 1536w, https:\/\/remko.ee\/wp-content\/uploads\/2024\/09\/remko_saekaater-2048x1536.jpg 2048w, https:\/\/remko.ee\/wp-content\/uploads\/2024\/09\/remko_saekaater-16x12.jpg 16w\" sizes=\"auto, (max-width: 2560px) 100vw, 2560px\" \/><\/figure>\n<\/div>\n<\/div>\n\n\n\n<div class=\"wp-block-group alignwide has-foreground-color has-primary-background-color has-text-color has-background has-link-color wp-elements-14e6d17d99c5966515bdd921d3cab921 has-global-padding is-layout-constrained wp-block-group-is-layout-constrained\" style=\"border-style:none;border-width:0px;border-radius:25px;padding-top:var(--wp--preset--spacing--30);padding-bottom:var(--wp--preset--spacing--30)\">\n<div class=\"wp-block-columns alignwide is-layout-flex wp-container-core-columns-is-layout-954ec4bb wp-block-columns-is-layout-flex\" style=\"padding-right:var(--wp--preset--spacing--40);padding-left:var(--wp--preset--spacing--40)\">\n<div class=\"wp-block-column is-layout-flow wp-block-column-is-layout-flow\" style=\"flex-basis:66.66%\">\n<p class=\"has-text-align-left has-medium-font-size\">Masin ei t\u00f6\u00f6ta ootusp\u00e4raselt? <br>V\u00f5ta \u00fchendust, teeme diagnostika ja hinnapakkumise.<\/p>\n<\/div>\n\n\n\n<div class=\"wp-block-column is-layout-flow wp-block-column-is-layout-flow\" style=\"flex-basis:33.33%\">\n<div class=\"wp-block-buttons is-content-justification-right is-layout-flex wp-container-core-buttons-is-layout-d445cf74 wp-block-buttons-is-layout-flex\">\n<div class=\"wp-block-button\"><a class=\"wp-block-button__link has-custom-color-2-background-color has-background wp-element-button\" href=\"https:\/\/remko.ee\/et\/kontakt\/\">V\u00f5ta \u00fchendust<\/a><\/div>\n<\/div>\n<\/div>\n<\/div>\n<\/div>\n\n\n\n<div class=\"wp-block-columns alignwide is-layout-flex wp-container-core-columns-is-layout-28f84493 wp-block-columns-is-layout-flex\">\n<div class=\"wp-block-column is-vertically-aligned-top is-layout-flow wp-block-column-is-layout-flow\">\n<div class=\"wp-block-group has-global-padding is-layout-constrained wp-block-group-is-layout-constrained\">\n<h4 class=\"wp-block-heading\">Ennetav hooldus<\/h4>\n\n\n\n<p>Regulaarne hooldus on h\u00e4davajalik, et v\u00e4ltida rikkeid ning pikendada masinate eluiga.<\/p>\n\n\n\n<p>Ennetav hooldus on seadmete kasutusaja pikendamisel v\u00e4ga oluline. <br>Remko Remondis teeme p\u00f5hjalikke kontrolli- ja hooldusprogramme vastavalt vajadustele. Regulaarne kontroll aitab tuvastada v\u00f5imalikke probleeme enne, kui need muutuvad t\u00f5siseks, tagades n\u00f5nda j\u00e4tkuva toimimise. Laske meil oma masinad \u00fcle vaadata, s\u00e4\u00e4state sellega oma aega ja raha. <\/p>\n<\/div>\n<\/div>\n\n\n\n<div class=\"wp-block-column is-vertically-aligned-top is-layout-flow wp-block-column-is-layout-flow\">\n<figure class=\"wp-block-image alignright size-full is-resized\"><img loading=\"lazy\" decoding=\"async\" width=\"2560\" height=\"1957\" src=\"https:\/\/remko.ee\/wp-content\/uploads\/2024\/09\/remko_parandus-scaled.jpg\" alt=\"\" class=\"wp-image-266\" style=\"aspect-ratio:4\/3;object-fit:cover;width:624px\" srcset=\"https:\/\/remko.ee\/wp-content\/uploads\/2024\/09\/remko_parandus-scaled.jpg 2560w, https:\/\/remko.ee\/wp-content\/uploads\/2024\/09\/remko_parandus-scaled-600x459.jpg 600w, https:\/\/remko.ee\/wp-content\/uploads\/2024\/09\/remko_parandus-300x229.jpg 300w, https:\/\/remko.ee\/wp-content\/uploads\/2024\/09\/remko_parandus-1024x783.jpg 1024w, https:\/\/remko.ee\/wp-content\/uploads\/2024\/09\/remko_parandus-768x587.jpg 768w, https:\/\/remko.ee\/wp-content\/uploads\/2024\/09\/remko_parandus-1536x1174.jpg 1536w, https:\/\/remko.ee\/wp-content\/uploads\/2024\/09\/remko_parandus-2048x1566.jpg 2048w, https:\/\/remko.ee\/wp-content\/uploads\/2024\/09\/remko_parandus-16x12.jpg 16w\" sizes=\"auto, (max-width: 2560px) 100vw, 2560px\" \/><\/figure>\n<\/div>\n<\/div>\n\n\n\n<div class=\"wp-block-columns alignwide is-layout-flex wp-container-core-columns-is-layout-28f84493 wp-block-columns-is-layout-flex\">\n<div class=\"wp-block-column is-layout-flow wp-block-column-is-layout-flow\">\n<figure class=\"wp-block-image size-full is-resized\"><img loading=\"lazy\" decoding=\"async\" width=\"2560\" height=\"1920\" src=\"https:\/\/remko.ee\/wp-content\/uploads\/2024\/09\/remko_press-scaled.jpg\" alt=\"\" class=\"wp-image-251\" style=\"aspect-ratio:4\/3;object-fit:cover;width:624px\" srcset=\"https:\/\/remko.ee\/wp-content\/uploads\/2024\/09\/remko_press-scaled.jpg 2560w, https:\/\/remko.ee\/wp-content\/uploads\/2024\/09\/remko_press-scaled-600x450.jpg 600w, https:\/\/remko.ee\/wp-content\/uploads\/2024\/09\/remko_press-300x225.jpg 300w, https:\/\/remko.ee\/wp-content\/uploads\/2024\/09\/remko_press-1024x768.jpg 1024w, https:\/\/remko.ee\/wp-content\/uploads\/2024\/09\/remko_press-768x576.jpg 768w, https:\/\/remko.ee\/wp-content\/uploads\/2024\/09\/remko_press-1536x1152.jpg 1536w, https:\/\/remko.ee\/wp-content\/uploads\/2024\/09\/remko_press-2048x1536.jpg 2048w, https:\/\/remko.ee\/wp-content\/uploads\/2024\/09\/remko_press-16x12.jpg 16w\" sizes=\"auto, (max-width: 2560px) 100vw, 2560px\" \/><\/figure>\n<\/div>\n\n\n\n<div class=\"wp-block-column is-layout-flow wp-block-column-is-layout-flow\">\n<div class=\"wp-block-group has-global-padding is-layout-constrained wp-block-group-is-layout-constrained\">\n<h4 class=\"wp-block-heading\">Avarii v\u00e4ljakutsed<\/h4>\n\n\n\n<p>Oleme valmis avarii korral kiiresti reageerima. Pakume h\u00e4daabi teenuseid, kui seade on l\u00e4inud rikki ning vajab kiiret parandamist. <\/p>\n\n\n\n<p>V\u00e4ljakutseks v\u00f5tke \u00fchendust telefonil +372 55 510 300.<\/p>\n\n\n\n<p>Masinate katkil\u00e4inud osad asendame hoolikalt uutega, hankides ja kasutades originaalosasid. <br><\/p>\n<\/div>\n<\/div>\n<\/div>\n\n\n\n<div class=\"wp-block-columns alignwide is-layout-flex wp-container-core-columns-is-layout-28f84493 wp-block-columns-is-layout-flex\">\n<div class=\"wp-block-column is-layout-flow wp-block-column-is-layout-flow\">\n<div class=\"wp-block-group has-global-padding is-layout-constrained wp-block-group-is-layout-constrained\">\n<h4 class=\"wp-block-heading\">Varuosade vahetus <\/h4>\n\n\n\n<p>Remko Remondis tegeleme ka varuosade hankimise ja vahetusega. <\/p>\n\n\n\n<p>Vahetame kulunud v\u00f5i katkiminevad osad uute vastu. Diagnoosime probleemi, hangime ise varuosad ja vahetame vanad v\u00e4lja uute vastu, tagades seadmete t\u00f6\u00f6kindluse ja pika kasutuse.<\/p>\n\n\n\n<p>Tootja originaalosade kasutamine annab seadmele pikema eluea ja t\u00f6\u00f6kindlama toimimise. <\/p>\n\n\n\n<p>K\u00fcsimuste korral v\u00f5tke \u00fchendust. <\/p>\n\n\n\n<p><br><\/p>\n<\/div>\n<\/div>\n\n\n\n<div class=\"wp-block-column is-layout-flow wp-block-column-is-layout-flow\">\n<figure class=\"wp-block-image alignright size-full is-resized\"><img loading=\"lazy\" decoding=\"async\" width=\"2560\" height=\"1920\" src=\"https:\/\/remko.ee\/wp-content\/uploads\/2024\/09\/remko_loikelaud-scaled.jpg\" alt=\"\" class=\"wp-image-253\" style=\"aspect-ratio:4\/3;object-fit:cover;width:624px\" srcset=\"https:\/\/remko.ee\/wp-content\/uploads\/2024\/09\/remko_loikelaud-scaled.jpg 2560w, https:\/\/remko.ee\/wp-content\/uploads\/2024\/09\/remko_loikelaud-scaled-600x450.jpg 600w, https:\/\/remko.ee\/wp-content\/uploads\/2024\/09\/remko_loikelaud-300x225.jpg 300w, https:\/\/remko.ee\/wp-content\/uploads\/2024\/09\/remko_loikelaud-1024x768.jpg 1024w, https:\/\/remko.ee\/wp-content\/uploads\/2024\/09\/remko_loikelaud-768x576.jpg 768w, https:\/\/remko.ee\/wp-content\/uploads\/2024\/09\/remko_loikelaud-1536x1152.jpg 1536w, https:\/\/remko.ee\/wp-content\/uploads\/2024\/09\/remko_loikelaud-2048x1536.jpg 2048w, https:\/\/remko.ee\/wp-content\/uploads\/2024\/09\/remko_loikelaud-16x12.jpg 16w\" sizes=\"auto, (max-width: 2560px) 100vw, 2560px\" \/><\/figure>\n<\/div>\n<\/div>\n\n\n\n<p><\/p>\n","protected":false},"excerpt":{"rendered":"<p>T\u00f6\u00f6stusseadmete remonditeenused Pakume laia valikut teenuseid, et teie t\u00f6\u00f6stusseadmed saaks taas t\u00f6\u00f6korda. Meie spetsialistid oskavad aidata nii v\u00e4ikeste remontide kui suurte parandustega. T\u00f6\u00f6stusseadmete parandus Remko Remont spetsialiseerub erinevate t\u00f6\u00f6stusseadmete remondile ja hooldusele: Remko t\u00f6\u00f6koda Meil on Tallinnas, aadressil Paavli 6, remondibaas, kus teostame j\u00e4rgnevaid t\u00f6id: Vajadusel s\u00f5idame kliendi juurde kohale. Masin ei t\u00f6\u00f6ta ootusp\u00e4raselt? V\u00f5ta [&hellip;]<\/p>\n","protected":false},"author":1,"featured_media":0,"parent":0,"menu_order":0,"comment_status":"closed","ping_status":"closed","template":"no-title","meta":{"footnotes":""},"class_list":["post-21","page","type-page","status-publish","hentry"],"aioseo_notices":[],"_links":{"self":[{"href":"https:\/\/remko.ee\/et\/wp-json\/wp\/v2\/pages\/21","targetHints":{"allow":["GET"]}}],"collection":[{"href":"https:\/\/remko.ee\/et\/wp-json\/wp\/v2\/pages"}],"about":[{"href":"https:\/\/remko.ee\/et\/wp-json\/wp\/v2\/types\/page"}],"author":[{"embeddable":true,"href":"https:\/\/remko.ee\/et\/wp-json\/wp\/v2\/users\/1"}],"replies":[{"embeddable":true,"href":"https:\/\/remko.ee\/et\/wp-json\/wp\/v2\/comments?post=21"}],"version-history":[{"count":36,"href":"https:\/\/remko.ee\/et\/wp-json\/wp\/v2\/pages\/21\/revisions"}],"predecessor-version":[{"id":370,"href":"https:\/\/remko.ee\/et\/wp-json\/wp\/v2\/pages\/21\/revisions\/370"}],"wp:attachment":[{"href":"https:\/\/remko.ee\/et\/wp-json\/wp\/v2\/media?parent=21"}],"curies":[{"name":"wp","href":"https:\/\/api.w.org\/{rel}","templated":true}]}}