{"id":445,"date":"2025-09-29T11:58:07","date_gmt":"2025-09-29T09:58:07","guid":{"rendered":"https:\/\/remko.ee\/?post_type=product&#038;p=445"},"modified":"2025-10-13T07:24:24","modified_gmt":"2025-10-13T05:24:24","slug":"kasutatud-konecranes-elektriline-kett-telfer-clx25-08-1-250-5","status":"publish","type":"product","link":"https:\/\/remko.ee\/en\/toostuslikud-seadmed\/kasutatud-toostusseadmed\/kasutatud-konecranes-elektriline-kett-telfer-clx25-08-1-250-5\/","title":{"rendered":"Kasutatud Konecranes elektriline kett-telfer  CLX25 08 1 250 5"},"content":{"rendered":"<p>Kontrollitud ja t\u00f6\u00f6korras. V\u00e4ga heas seisukorras, testitud Remko t\u00f6\u00f6kojas.<br \/>\nKomplektis:<br \/>\n\u2022 Juhtpult (originaal, 6-nupuline)<br \/>\n\u2022 Toitekaabel<br \/>\n\u2022 Riputuskonks<\/p>\n<p>Konecranes elektriline kett-telfer<br \/>\nMudel: CLX25 08 1 250 5<br \/>\nSeerianumber: 10000491112<br \/>\nT\u00f5stev\u00f5imsus: 2 500 kg<br \/>\nT\u00f5stek\u00f5rgus: 6 m<br \/>\nT\u00f5stekett: 11,3 \u00d7 31 mm<br \/>\nT\u00f5stekiirus: 8,0 \/ 1,3 m\/min<br \/>\nV\u00f5imsus: 3,6 kW<br \/>\nToitepinge: 400 V \/ 50 Hz \/ 3-faasi<br \/>\nKaitseklass: IP55, t\u00f6\u00f6ts\u00fckkel ED 50 %<br \/>\nT\u00fc\u00fcp: \u00fche kettlingiga (1 fall)<br \/>\nTootja: Konecranes, Soome<\/p>\n<p><img loading=\"lazy\" decoding=\"async\" class=\"alignnone size-medium wp-image-451\" src=\"https:\/\/remko.ee\/wp-content\/uploads\/2025\/09\/nech_still_2_v01_1-300x300.jpg\" alt=\"\" width=\"300\" height=\"300\" srcset=\"https:\/\/remko.ee\/wp-content\/uploads\/2025\/09\/nech_still_2_v01_1-300x300.jpg 300w, https:\/\/remko.ee\/wp-content\/uploads\/2025\/09\/nech_still_2_v01_1-150x150.jpg 150w, https:\/\/remko.ee\/wp-content\/uploads\/2025\/09\/nech_still_2_v01_1-12x12.jpg 12w, https:\/\/remko.ee\/wp-content\/uploads\/2025\/09\/nech_still_2_v01_1-100x100.jpg 100w, https:\/\/remko.ee\/wp-content\/uploads\/2025\/09\/nech_still_2_v01_1.jpg 500w\" sizes=\"auto, (max-width: 300px) 100vw, 300px\" \/><\/p>","protected":false},"excerpt":{"rendered":"<p>Kontrollitud ja t\u00f6\u00f6korras. V\u00e4ga heas seisukorras, testitud Remko t\u00f6\u00f6kojas.<br \/>\nKomplektis:<br \/>\n\u2022 Juhtpult (originaal, 6-nupuline)<br \/>\n\u2022 Toitekaabel<br \/>\n\u2022 Riputuskonks<\/p>","protected":false},"featured_media":450,"comment_status":"open","ping_status":"closed","template":"","meta":[],"product_brand":[],"product_cat":[32],"product_tag":[],"class_list":{"0":"post-445","1":"product","2":"type-product","3":"status-publish","4":"has-post-thumbnail","6":"product_cat-kasutatud-toostusseadmed","8":"first","9":"instock","10":"sale","11":"shipping-taxable","12":"purchasable","13":"product-type-simple"},"aioseo_notices":[],"_links":{"self":[{"href":"https:\/\/remko.ee\/en\/wp-json\/wp\/v2\/product\/445","targetHints":{"allow":["GET"]}}],"collection":[{"href":"https:\/\/remko.ee\/en\/wp-json\/wp\/v2\/product"}],"about":[{"href":"https:\/\/remko.ee\/en\/wp-json\/wp\/v2\/types\/product"}],"replies":[{"embeddable":true,"href":"https:\/\/remko.ee\/en\/wp-json\/wp\/v2\/comments?post=445"}],"wp:featuredmedia":[{"embeddable":true,"href":"https:\/\/remko.ee\/en\/wp-json\/wp\/v2\/media\/450"}],"wp:attachment":[{"href":"https:\/\/remko.ee\/en\/wp-json\/wp\/v2\/media?parent=445"}],"wp:term":[{"taxonomy":"product_brand","embeddable":true,"href":"https:\/\/remko.ee\/en\/wp-json\/wp\/v2\/product_brand?post=445"},{"taxonomy":"product_cat","embeddable":true,"href":"https:\/\/remko.ee\/en\/wp-json\/wp\/v2\/product_cat?post=445"},{"taxonomy":"product_tag","embeddable":true,"href":"https:\/\/remko.ee\/en\/wp-json\/wp\/v2\/product_tag?post=445"}],"curies":[{"name":"wp","href":"https:\/\/api.w.org\/{rel}","templated":true}]}}