{"id":313,"date":"2024-09-13T11:07:21","date_gmt":"2024-09-13T09:07:21","guid":{"rendered":"https:\/\/remko.ee\/?page_id=313"},"modified":"2024-09-27T08:50:20","modified_gmt":"2024-09-27T06:50:20","slug":"autoteenindus","status":"publish","type":"page","link":"https:\/\/remko.ee\/en\/autoteenindus\/","title":{"rendered":"Autoteenindus"},"content":{"rendered":"<div class=\"wp-block-group alignfull has-background-color has-foreground-background-color has-text-color has-background has-link-color wp-elements-87aa11f7004f68565a2afade9d918aa2 has-global-padding is-layout-constrained wp-block-group-is-layout-constrained\" style=\"margin-top:0;margin-bottom:0;padding-top:0;padding-bottom:var(--wp--preset--spacing--70)\">\n<div class=\"wp-block-cover alignfull\" style=\"margin-top:0;margin-bottom:0;padding-top:0;padding-right:0;padding-bottom:0;padding-left:0;min-height:454px;aspect-ratio:unset;\"><span aria-hidden=\"true\" class=\"wp-block-cover__background has-background-dim\"><\/span><img loading=\"lazy\" decoding=\"async\" width=\"1280\" height=\"576\" class=\"wp-block-cover__image-background wp-image-359\" alt=\"\" src=\"https:\/\/remko.ee\/wp-content\/uploads\/2024\/09\/remko-autoteenindus-auto-Photoroom.png\" style=\"object-position:45% 7%\" data-object-fit=\"cover\" data-object-position=\"45% 7%\" srcset=\"https:\/\/remko.ee\/wp-content\/uploads\/2024\/09\/remko-autoteenindus-auto-Photoroom.png 1280w, https:\/\/remko.ee\/wp-content\/uploads\/2024\/09\/remko-autoteenindus-auto-Photoroom-600x270.png 600w, https:\/\/remko.ee\/wp-content\/uploads\/2024\/09\/remko-autoteenindus-auto-Photoroom-300x135.png 300w, https:\/\/remko.ee\/wp-content\/uploads\/2024\/09\/remko-autoteenindus-auto-Photoroom-1024x461.png 1024w, https:\/\/remko.ee\/wp-content\/uploads\/2024\/09\/remko-autoteenindus-auto-Photoroom-768x346.png 768w, https:\/\/remko.ee\/wp-content\/uploads\/2024\/09\/remko-autoteenindus-auto-Photoroom-18x8.png 18w\" sizes=\"auto, (max-width: 1280px) 100vw, 1280px\" \/><div class=\"wp-block-cover__inner-container has-global-padding is-layout-constrained wp-container-core-cover-is-layout-a307af8a wp-block-cover-is-layout-constrained\">\n<h1 class=\"wp-block-heading has-text-align-center\">Remko autoteenindus<\/h1>\n<\/div><\/div>\n\n\n\n<div class=\"wp-block-group has-global-padding is-layout-constrained wp-block-group-is-layout-constrained\">\n<h3 class=\"wp-block-heading has-text-align-center\"><strong>Tere tulemast Remko Autoteenindusse!<\/strong><\/h3>\n\n\n\n<p class=\"has-text-align-center\">Remko Autoteenindus on osa Remko Grupp O\u00dc-st. Meie kogenud spetsialistid on valmis pakkuma teie autole parimat hooldust ja remonti.<\/p>\n\n\n\n<p class=\"has-text-align-center\">Meie autoteenindus asub juba 12 aastat aadressil Paavli 4.<br>V\u00f5ta \u00fchendust: <a href=\"mailto:teenindus@remko.ee\">teenindus@remko.ee<\/a>, 54520080<\/p>\n<\/div>\n\n\n\n<hr class=\"wp-block-separator has-text-color has-background-color has-alpha-channel-opacity has-background-background-color has-background is-style-default\"\/>\n\n\n\n<div class=\"wp-block-columns alignwide is-layout-flex wp-container-core-columns-is-layout-28f84493 wp-block-columns-is-layout-flex\">\n<div class=\"wp-block-column is-layout-flow wp-block-column-is-layout-flow\" style=\"flex-basis:420px\">\n<figure class=\"wp-block-image size-large has-custom-border\"><img loading=\"lazy\" decoding=\"async\" width=\"1024\" height=\"461\" src=\"https:\/\/remko.ee\/wp-content\/uploads\/2024\/09\/remko-auto-tookoda-1024x461.jpg\" alt=\"\" class=\"wp-image-318\" style=\"border-radius:5px;aspect-ratio:1;object-fit:cover\" srcset=\"https:\/\/remko.ee\/wp-content\/uploads\/2024\/09\/remko-auto-tookoda-1024x461.jpg 1024w, https:\/\/remko.ee\/wp-content\/uploads\/2024\/09\/remko-auto-tookoda-scaled-600x270.jpg 600w, https:\/\/remko.ee\/wp-content\/uploads\/2024\/09\/remko-auto-tookoda-300x135.jpg 300w, https:\/\/remko.ee\/wp-content\/uploads\/2024\/09\/remko-auto-tookoda-768x346.jpg 768w, https:\/\/remko.ee\/wp-content\/uploads\/2024\/09\/remko-auto-tookoda-1536x691.jpg 1536w, https:\/\/remko.ee\/wp-content\/uploads\/2024\/09\/remko-auto-tookoda-2048x922.jpg 2048w, https:\/\/remko.ee\/wp-content\/uploads\/2024\/09\/remko-auto-tookoda-18x8.jpg 18w\" sizes=\"auto, (max-width: 1024px) 100vw, 1024px\" \/><\/figure>\n<\/div>\n\n\n\n<div class=\"wp-block-column is-layout-flow wp-block-column-is-layout-flow\">\n<h3 class=\"wp-block-heading\"><strong>Miks valida Remko Autoteenindus?<\/strong><\/h3>\n\n\n\n<ul class=\"wp-block-list\">\n<li> Kogemus ja asjatundlikkus: Meie meeskond koosneb kogenud tehnikutest, kes tunnevad p\u00f5hjalikult erinevaid automarke ja -mudeleid.<\/li>\n<\/ul>\n\n\n\n<ul class=\"wp-block-list\">\n<li>Kvaliteetne teenindus: Kasutame kvaliteetseid varuosi ja kaasaegseid seadmeid, et tagada teie auto pikaealisus ja t\u00f6\u00f6kindlus.<\/li>\n<\/ul>\n\n\n\n<ul class=\"wp-block-list\">\n<li>Personaalne l\u00e4henemine: Iga klient ja auto on meie jaoks ainulaadsed. Meie paindlikud lahendused tagavad, et teie vajadused saavad t\u00e4idetud.<\/li>\n<\/ul>\n<\/div>\n<\/div>\n\n\n\n<hr class=\"wp-block-separator has-text-color has-background-color has-alpha-channel-opacity has-background-background-color has-background\"\/>\n\n\n\n<div class=\"wp-block-columns alignwide is-layout-flex wp-container-core-columns-is-layout-28f84493 wp-block-columns-is-layout-flex\">\n<div class=\"wp-block-column is-vertically-aligned-center is-layout-flow wp-block-column-is-layout-flow\" style=\"flex-basis:66.66%\">\n<h3 class=\"wp-block-heading\"><strong>Services<\/strong><\/h3>\n\n\n\n<ul class=\"wp-block-list\">\n<li>Autohooldus ja -remont: Alates \u00f5livahetusest kuni keerukamate remondit\u00f6\u00f6deni.<\/li>\n\n\n\n<li>Diagnostika: T\u00e4pne ja kiire diagnostika, et tuvastada ja lahendada probleemid.<\/li>\n\n\n\n<li>Rehvit\u00f6\u00f6d: Rehvide vahetus, tasakaalustamine ja parandus.<\/li>\n<\/ul>\n<\/div>\n\n\n\n<div class=\"wp-block-column is-layout-flow wp-block-column-is-layout-flow\" style=\"flex-basis:33.33%\">\n<figure class=\"wp-block-image size-large has-custom-border\"><img loading=\"lazy\" decoding=\"async\" width=\"1024\" height=\"462\" src=\"https:\/\/remko.ee\/wp-content\/uploads\/2024\/09\/remko-auto-mootor-1024x462.jpg\" alt=\"\" class=\"wp-image-315\" style=\"border-radius:5px\" srcset=\"https:\/\/remko.ee\/wp-content\/uploads\/2024\/09\/remko-auto-mootor-1024x462.jpg 1024w, https:\/\/remko.ee\/wp-content\/uploads\/2024\/09\/remko-auto-mootor-scaled-600x270.jpg 600w, https:\/\/remko.ee\/wp-content\/uploads\/2024\/09\/remko-auto-mootor-300x135.jpg 300w, https:\/\/remko.ee\/wp-content\/uploads\/2024\/09\/remko-auto-mootor-768x346.jpg 768w, https:\/\/remko.ee\/wp-content\/uploads\/2024\/09\/remko-auto-mootor-1536x692.jpg 1536w, https:\/\/remko.ee\/wp-content\/uploads\/2024\/09\/remko-auto-mootor-2048x923.jpg 2048w, https:\/\/remko.ee\/wp-content\/uploads\/2024\/09\/remko-auto-mootor-18x8.jpg 18w\" sizes=\"auto, (max-width: 1024px) 100vw, 1024px\" \/><\/figure>\n<\/div>\n<\/div>\n\n\n\n<hr class=\"wp-block-separator has-text-color has-background-color has-alpha-channel-opacity has-background-background-color has-background\"\/>\n\n\n\n<div class=\"wp-block-columns alignwide is-layout-flex wp-container-core-columns-is-layout-28f84493 wp-block-columns-is-layout-flex\">\n<div class=\"wp-block-column is-layout-flow wp-block-column-is-layout-flow\" style=\"flex-basis:33.33%\">\n<figure class=\"wp-block-image size-large has-custom-border\"><img loading=\"lazy\" decoding=\"async\" width=\"1024\" height=\"462\" src=\"https:\/\/remko.ee\/wp-content\/uploads\/2024\/09\/remko-autoteenindus-1024x462.jpg\" alt=\"\" class=\"wp-image-316\" style=\"border-radius:5px;aspect-ratio:4\/3;object-fit:cover\" srcset=\"https:\/\/remko.ee\/wp-content\/uploads\/2024\/09\/remko-autoteenindus-1024x462.jpg 1024w, https:\/\/remko.ee\/wp-content\/uploads\/2024\/09\/remko-autoteenindus-scaled-600x270.jpg 600w, https:\/\/remko.ee\/wp-content\/uploads\/2024\/09\/remko-autoteenindus-300x135.jpg 300w, https:\/\/remko.ee\/wp-content\/uploads\/2024\/09\/remko-autoteenindus-768x346.jpg 768w, https:\/\/remko.ee\/wp-content\/uploads\/2024\/09\/remko-autoteenindus-1536x692.jpg 1536w, https:\/\/remko.ee\/wp-content\/uploads\/2024\/09\/remko-autoteenindus-2048x923.jpg 2048w, https:\/\/remko.ee\/wp-content\/uploads\/2024\/09\/remko-autoteenindus-18x8.jpg 18w\" sizes=\"auto, (max-width: 1024px) 100vw, 1024px\" \/><\/figure>\n<\/div>\n\n\n\n<div class=\"wp-block-column is-vertically-aligned-center is-layout-flow wp-block-column-is-layout-flow\" style=\"flex-basis:66.66%\">\n<h3 class=\"wp-block-heading\"><strong>Meie eesm\u00e4rk<\/strong><\/h3>\n\n\n\n<p>Remko Autoteeninduse eesm\u00e4rk on pakkuda kiiret ja t\u00f5husat teenindust, et saaksite oma auto kiiresti tagasi teele. Meie keskmine hoolduse aeg on 1-2 p\u00e4eva, kuid pakume ka kiirteenuseid kiireloomulisteks juhtudeks.<\/p>\n<\/div>\n<\/div>\n\n\n\n<hr class=\"wp-block-separator has-text-color has-background-color has-alpha-channel-opacity has-background-background-color has-background\"\/>\n\n\n\n<div class=\"wp-block-group alignwide has-global-padding is-layout-constrained wp-block-group-is-layout-constrained\">\n<h3 class=\"wp-block-heading has-text-align-center\"><strong>V\u00f5ta meiega \u00fchendust<\/strong><\/h3>\n\n\n\n<div class=\"wp-block-columns alignwide is-layout-flex wp-container-core-columns-is-layout-28f84493 wp-block-columns-is-layout-flex\">\n<div class=\"wp-block-column is-vertically-aligned-center is-layout-flow wp-block-column-is-layout-flow\" style=\"flex-basis:50%\">\n<p class=\"has-text-align-left\">Asume mugavalt Tallinnas, aadressil Paavli 4. <br>V\u00f5ta meiega \u00fchendust telefoni v\u00f5i e-posti teel, et broneerida aeg v\u00f5i saada lisainfot.<\/p>\n\n\n\n<p class=\"has-text-align-left\"><a href=\"mailto:teenindus@remko.ee\">teenindus@remko.ee<\/a><\/p>\n\n\n\n<p class=\"has-text-align-left\"><a href=\"tel:54520080\" data-type=\"tel\" data-id=\"tel:54520080\">+372 54520080<\/a><\/p>\n\n\n\n<p>Paavli 4, Tallinn<\/p>\n\n\n\n<ul class=\"wp-block-social-links is-layout-flex wp-block-social-links-is-layout-flex\"><li class=\"wp-social-link wp-social-link-facebook  wp-block-social-link\"><a href=\"https:\/\/www.facebook.com\/profile.php?id=61553439518331\" class=\"wp-block-social-link-anchor\"><svg width=\"24\" height=\"24\" viewbox=\"0 0 24 24\" version=\"1.1\" xmlns=\"http:\/\/www.w3.org\/2000\/svg\" aria-hidden=\"true\" focusable=\"false\"><path d=\"M12 2C6.5 2 2 6.5 2 12c0 5 3.7 9.1 8.4 9.9v-7H7.9V12h2.5V9.8c0-2.5 1.5-3.9 3.8-3.9 1.1 0 2.2.2 2.2.2v2.5h-1.3c-1.2 0-1.6.8-1.6 1.6V12h2.8l-.4 2.9h-2.3v7C18.3 21.1 22 17 22 12c0-5.5-4.5-10-10-10z\"><\/path><\/svg><span class=\"wp-block-social-link-label screen-reader-text\">Facebook<\/span><\/a><\/li>\n\n<li class=\"wp-social-link wp-social-link-instagram  wp-block-social-link\"><a href=\"https:\/\/www.instagram.com\/remkoautoteenindus\/\" class=\"wp-block-social-link-anchor\"><svg width=\"24\" height=\"24\" viewbox=\"0 0 24 24\" version=\"1.1\" xmlns=\"http:\/\/www.w3.org\/2000\/svg\" aria-hidden=\"true\" focusable=\"false\"><path d=\"M12,4.622c2.403,0,2.688,0.009,3.637,0.052c0.877,0.04,1.354,0.187,1.671,0.31c0.42,0.163,0.72,0.358,1.035,0.673 c0.315,0.315,0.51,0.615,0.673,1.035c0.123,0.317,0.27,0.794,0.31,1.671c0.043,0.949,0.052,1.234,0.052,3.637 s-0.009,2.688-0.052,3.637c-0.04,0.877-0.187,1.354-0.31,1.671c-0.163,0.42-0.358,0.72-0.673,1.035 c-0.315,0.315-0.615,0.51-1.035,0.673c-0.317,0.123-0.794,0.27-1.671,0.31c-0.949,0.043-1.233,0.052-3.637,0.052 s-2.688-0.009-3.637-0.052c-0.877-0.04-1.354-0.187-1.671-0.31c-0.42-0.163-0.72-0.358-1.035-0.673 c-0.315-0.315-0.51-0.615-0.673-1.035c-0.123-0.317-0.27-0.794-0.31-1.671C4.631,14.688,4.622,14.403,4.622,12 s0.009-2.688,0.052-3.637c0.04-0.877,0.187-1.354,0.31-1.671c0.163-0.42,0.358-0.72,0.673-1.035 c0.315-0.315,0.615-0.51,1.035-0.673c0.317-0.123,0.794-0.27,1.671-0.31C9.312,4.631,9.597,4.622,12,4.622 M12,3 C9.556,3,9.249,3.01,8.289,3.054C7.331,3.098,6.677,3.25,6.105,3.472C5.513,3.702,5.011,4.01,4.511,4.511 c-0.5,0.5-0.808,1.002-1.038,1.594C3.25,6.677,3.098,7.331,3.054,8.289C3.01,9.249,3,9.556,3,12c0,2.444,0.01,2.751,0.054,3.711 c0.044,0.958,0.196,1.612,0.418,2.185c0.23,0.592,0.538,1.094,1.038,1.594c0.5,0.5,1.002,0.808,1.594,1.038 c0.572,0.222,1.227,0.375,2.185,0.418C9.249,20.99,9.556,21,12,21s2.751-0.01,3.711-0.054c0.958-0.044,1.612-0.196,2.185-0.418 c0.592-0.23,1.094-0.538,1.594-1.038c0.5-0.5,0.808-1.002,1.038-1.594c0.222-0.572,0.375-1.227,0.418-2.185 C20.99,14.751,21,14.444,21,12s-0.01-2.751-0.054-3.711c-0.044-0.958-0.196-1.612-0.418-2.185c-0.23-0.592-0.538-1.094-1.038-1.594 c-0.5-0.5-1.002-0.808-1.594-1.038c-0.572-0.222-1.227-0.375-2.185-0.418C14.751,3.01,14.444,3,12,3L12,3z M12,7.378 c-2.552,0-4.622,2.069-4.622,4.622S9.448,16.622,12,16.622s4.622-2.069,4.622-4.622S14.552,7.378,12,7.378z M12,15 c-1.657,0-3-1.343-3-3s1.343-3,3-3s3,1.343,3,3S13.657,15,12,15z M16.804,6.116c-0.596,0-1.08,0.484-1.08,1.08 s0.484,1.08,1.08,1.08c0.596,0,1.08-0.484,1.08-1.08S17.401,6.116,16.804,6.116z\"><\/path><\/svg><span class=\"wp-block-social-link-label screen-reader-text\">Instagram<\/span><\/a><\/li><\/ul>\n<\/div>\n\n\n\n<div class=\"wp-block-column is-layout-flow wp-block-column-is-layout-flow\" style=\"flex-basis:50%\">\n<iframe src=\"https:\/\/www.google.com\/maps\/embed?pb=!1m18!1m12!1m3!1d381.95025136960714!2d24.705268377111747!3d59.448668236594386!2m3!1f0!2f0!3f0!3m2!1i1024!2i768!4f13.1!3m3!1m2!1s0x469293f381cb8797%3A0xabe19697e753ddd5!2sRemko%20Autoteenindus%20-%20Paavli%204!5e0!3m2!1sen!2see!4v1727337334166!5m2!1sen!2see\" width=\"600\" height=\"450\" style=\"border:0;\" allowfullscreen=\"\" loading=\"lazy\" referrerpolicy=\"no-referrer-when-downgrade\"><\/iframe>\n<\/div>\n<\/div>\n<\/div>\n<\/div>","protected":false},"excerpt":{"rendered":"<p>Tere tulemast Remko Autoteenindusse! Remko Autoteenindus on osa Remko Grupp O\u00dc-st. Meie kogenud spetsialistid on valmis pakkuma teie autole parimat hooldust ja remonti. Meie autoteenindus asub juba 12 aastat aadressil Paavli 4.V\u00f5ta \u00fchendust: teenindus@remko.ee, 54520080 Miks valida Remko Autoteenindus? Teenused Meie eesm\u00e4rk Remko Autoteeninduse eesm\u00e4rk on pakkuda kiiret ja t\u00f5husat teenindust, et saaksite oma auto [&hellip;]<\/p>","protected":false},"author":1,"featured_media":0,"parent":0,"menu_order":0,"comment_status":"closed","ping_status":"closed","template":"","meta":{"footnotes":""},"class_list":["post-313","page","type-page","status-publish","hentry"],"aioseo_notices":[],"_links":{"self":[{"href":"https:\/\/remko.ee\/en\/wp-json\/wp\/v2\/pages\/313","targetHints":{"allow":["GET"]}}],"collection":[{"href":"https:\/\/remko.ee\/en\/wp-json\/wp\/v2\/pages"}],"about":[{"href":"https:\/\/remko.ee\/en\/wp-json\/wp\/v2\/types\/page"}],"author":[{"embeddable":true,"href":"https:\/\/remko.ee\/en\/wp-json\/wp\/v2\/users\/1"}],"replies":[{"embeddable":true,"href":"https:\/\/remko.ee\/en\/wp-json\/wp\/v2\/comments?post=313"}],"version-history":[{"count":26,"href":"https:\/\/remko.ee\/en\/wp-json\/wp\/v2\/pages\/313\/revisions"}],"predecessor-version":[{"id":363,"href":"https:\/\/remko.ee\/en\/wp-json\/wp\/v2\/pages\/313\/revisions\/363"}],"wp:attachment":[{"href":"https:\/\/remko.ee\/en\/wp-json\/wp\/v2\/media?parent=313"}],"curies":[{"name":"wp","href":"https:\/\/api.w.org\/{rel}","templated":true}]}}