{"id":287,"date":"2024-09-13T09:28:23","date_gmt":"2024-09-13T07:28:23","guid":{"rendered":"https:\/\/remko.ee\/?page_id=287"},"modified":"2024-09-13T10:55:48","modified_gmt":"2024-09-13T08:55:48","slug":"tehtud-tood","status":"publish","type":"page","link":"https:\/\/remko.ee\/en\/tehtud-tood\/","title":{"rendered":"Tehtud t\u00f6\u00f6d"},"content":{"rendered":"<div class=\"wp-block-group alignfull has-global-padding is-layout-constrained wp-container-core-group-is-layout-7276a2bb wp-block-group-is-layout-constrained\" style=\"margin-top:0;margin-bottom:0;padding-top:var(--wp--preset--spacing--60);padding-right:var(--wp--preset--spacing--30);padding-bottom:var(--wp--preset--spacing--60);padding-left:var(--wp--preset--spacing--30)\">\n<div class=\"wp-block-group alignwide has-global-padding is-content-justification-left is-layout-constrained wp-container-core-group-is-layout-8b4c372c wp-block-group-is-layout-constrained\">\n<h2 class=\"wp-block-heading has-large-font-size\">Our previous projects<\/h2>\n\n\n\n<p>There is more than what you can see here <\/p>\n\n\n\n<figure class=\"wp-block-gallery alignwide has-nested-images columns-3 is-cropped wp-block-gallery-1 is-layout-flex wp-block-gallery-is-layout-flex\">\n<figure class=\"wp-block-image size-large\"><img loading=\"lazy\" decoding=\"async\" width=\"768\" height=\"1024\" data-id=\"308\" src=\"https:\/\/remko.ee\/wp-content\/uploads\/2024\/09\/remko-remontimine-768x1024.jpg\" alt=\"\" class=\"wp-image-308\" srcset=\"https:\/\/remko.ee\/wp-content\/uploads\/2024\/09\/remko-remontimine-768x1024.jpg 768w, https:\/\/remko.ee\/wp-content\/uploads\/2024\/09\/remko-remontimine-scaled-600x800.jpg 600w, https:\/\/remko.ee\/wp-content\/uploads\/2024\/09\/remko-remontimine-225x300.jpg 225w, https:\/\/remko.ee\/wp-content\/uploads\/2024\/09\/remko-remontimine-1152x1536.jpg 1152w, https:\/\/remko.ee\/wp-content\/uploads\/2024\/09\/remko-remontimine-1536x2048.jpg 1536w, https:\/\/remko.ee\/wp-content\/uploads\/2024\/09\/remko-remontimine-9x12.jpg 9w, https:\/\/remko.ee\/wp-content\/uploads\/2024\/09\/remko-remontimine-scaled.jpg 1920w\" sizes=\"auto, (max-width: 768px) 100vw, 768px\" \/><\/figure>\n\n\n\n<figure class=\"wp-block-image size-large\"><img loading=\"lazy\" decoding=\"async\" width=\"768\" height=\"1024\" data-id=\"307\" src=\"https:\/\/remko.ee\/wp-content\/uploads\/2024\/09\/remko-remont-768x1024.jpg\" alt=\"\" class=\"wp-image-307\" srcset=\"https:\/\/remko.ee\/wp-content\/uploads\/2024\/09\/remko-remont-768x1024.jpg 768w, https:\/\/remko.ee\/wp-content\/uploads\/2024\/09\/remko-remont-scaled-600x800.jpg 600w, https:\/\/remko.ee\/wp-content\/uploads\/2024\/09\/remko-remont-225x300.jpg 225w, https:\/\/remko.ee\/wp-content\/uploads\/2024\/09\/remko-remont-1152x1536.jpg 1152w, https:\/\/remko.ee\/wp-content\/uploads\/2024\/09\/remko-remont-1536x2048.jpg 1536w, https:\/\/remko.ee\/wp-content\/uploads\/2024\/09\/remko-remont-9x12.jpg 9w, https:\/\/remko.ee\/wp-content\/uploads\/2024\/09\/remko-remont-scaled.jpg 1920w\" sizes=\"auto, (max-width: 768px) 100vw, 768px\" \/><\/figure>\n\n\n\n<figure class=\"wp-block-image size-large\"><img loading=\"lazy\" decoding=\"async\" width=\"1024\" height=\"768\" data-id=\"306\" src=\"https:\/\/remko.ee\/wp-content\/uploads\/2024\/09\/remko-remont-voti-1024x768.jpg\" alt=\"\" class=\"wp-image-306\" srcset=\"https:\/\/remko.ee\/wp-content\/uploads\/2024\/09\/remko-remont-voti-1024x768.jpg 1024w, https:\/\/remko.ee\/wp-content\/uploads\/2024\/09\/remko-remont-voti-scaled-600x450.jpg 600w, https:\/\/remko.ee\/wp-content\/uploads\/2024\/09\/remko-remont-voti-300x225.jpg 300w, https:\/\/remko.ee\/wp-content\/uploads\/2024\/09\/remko-remont-voti-768x576.jpg 768w, https:\/\/remko.ee\/wp-content\/uploads\/2024\/09\/remko-remont-voti-1536x1152.jpg 1536w, https:\/\/remko.ee\/wp-content\/uploads\/2024\/09\/remko-remont-voti-2048x1536.jpg 2048w, https:\/\/remko.ee\/wp-content\/uploads\/2024\/09\/remko-remont-voti-16x12.jpg 16w\" sizes=\"auto, (max-width: 1024px) 100vw, 1024px\" \/><\/figure>\n\n\n\n<figure class=\"wp-block-image size-large\"><img loading=\"lazy\" decoding=\"async\" width=\"1024\" height=\"768\" data-id=\"305\" src=\"https:\/\/remko.ee\/wp-content\/uploads\/2024\/09\/remko-remont-vorm-1024x768.jpg\" alt=\"\" class=\"wp-image-305\" srcset=\"https:\/\/remko.ee\/wp-content\/uploads\/2024\/09\/remko-remont-vorm-1024x768.jpg 1024w, https:\/\/remko.ee\/wp-content\/uploads\/2024\/09\/remko-remont-vorm-scaled-600x450.jpg 600w, https:\/\/remko.ee\/wp-content\/uploads\/2024\/09\/remko-remont-vorm-300x225.jpg 300w, https:\/\/remko.ee\/wp-content\/uploads\/2024\/09\/remko-remont-vorm-768x576.jpg 768w, https:\/\/remko.ee\/wp-content\/uploads\/2024\/09\/remko-remont-vorm-1536x1152.jpg 1536w, https:\/\/remko.ee\/wp-content\/uploads\/2024\/09\/remko-remont-vorm-2048x1536.jpg 2048w, https:\/\/remko.ee\/wp-content\/uploads\/2024\/09\/remko-remont-vorm-16x12.jpg 16w\" sizes=\"auto, (max-width: 1024px) 100vw, 1024px\" \/><\/figure>\n\n\n\n<figure class=\"wp-block-image size-large\"><img loading=\"lazy\" decoding=\"async\" width=\"768\" height=\"1024\" data-id=\"304\" src=\"https:\/\/remko.ee\/wp-content\/uploads\/2024\/09\/remko-remont-voll-768x1024.jpg\" alt=\"\" class=\"wp-image-304\" srcset=\"https:\/\/remko.ee\/wp-content\/uploads\/2024\/09\/remko-remont-voll-768x1024.jpg 768w, https:\/\/remko.ee\/wp-content\/uploads\/2024\/09\/remko-remont-voll-scaled-600x800.jpg 600w, https:\/\/remko.ee\/wp-content\/uploads\/2024\/09\/remko-remont-voll-225x300.jpg 225w, https:\/\/remko.ee\/wp-content\/uploads\/2024\/09\/remko-remont-voll-1152x1536.jpg 1152w, https:\/\/remko.ee\/wp-content\/uploads\/2024\/09\/remko-remont-voll-1536x2048.jpg 1536w, https:\/\/remko.ee\/wp-content\/uploads\/2024\/09\/remko-remont-voll-9x12.jpg 9w, https:\/\/remko.ee\/wp-content\/uploads\/2024\/09\/remko-remont-voll-scaled.jpg 1920w\" sizes=\"auto, (max-width: 768px) 100vw, 768px\" \/><\/figure>\n\n\n\n<figure class=\"wp-block-image size-large\"><img loading=\"lazy\" decoding=\"async\" width=\"768\" height=\"1024\" data-id=\"303\" src=\"https:\/\/remko.ee\/wp-content\/uploads\/2024\/09\/remko-remont-silinder-768x1024.jpg\" alt=\"\" class=\"wp-image-303\" srcset=\"https:\/\/remko.ee\/wp-content\/uploads\/2024\/09\/remko-remont-silinder-768x1024.jpg 768w, https:\/\/remko.ee\/wp-content\/uploads\/2024\/09\/remko-remont-silinder-scaled-600x800.jpg 600w, https:\/\/remko.ee\/wp-content\/uploads\/2024\/09\/remko-remont-silinder-225x300.jpg 225w, https:\/\/remko.ee\/wp-content\/uploads\/2024\/09\/remko-remont-silinder-1152x1536.jpg 1152w, https:\/\/remko.ee\/wp-content\/uploads\/2024\/09\/remko-remont-silinder-1536x2048.jpg 1536w, https:\/\/remko.ee\/wp-content\/uploads\/2024\/09\/remko-remont-silinder-9x12.jpg 9w, https:\/\/remko.ee\/wp-content\/uploads\/2024\/09\/remko-remont-silinder-scaled.jpg 1920w\" sizes=\"auto, (max-width: 768px) 100vw, 768px\" \/><\/figure>\n\n\n\n<figure class=\"wp-block-image size-large\"><img loading=\"lazy\" decoding=\"async\" width=\"768\" height=\"1024\" data-id=\"302\" src=\"https:\/\/remko.ee\/wp-content\/uploads\/2024\/09\/remko-remont-ring-768x1024.jpg\" alt=\"\" class=\"wp-image-302\" srcset=\"https:\/\/remko.ee\/wp-content\/uploads\/2024\/09\/remko-remont-ring-768x1024.jpg 768w, https:\/\/remko.ee\/wp-content\/uploads\/2024\/09\/remko-remont-ring-scaled-600x800.jpg 600w, https:\/\/remko.ee\/wp-content\/uploads\/2024\/09\/remko-remont-ring-225x300.jpg 225w, https:\/\/remko.ee\/wp-content\/uploads\/2024\/09\/remko-remont-ring-1152x1536.jpg 1152w, https:\/\/remko.ee\/wp-content\/uploads\/2024\/09\/remko-remont-ring-1536x2048.jpg 1536w, https:\/\/remko.ee\/wp-content\/uploads\/2024\/09\/remko-remont-ring-9x12.jpg 9w, https:\/\/remko.ee\/wp-content\/uploads\/2024\/09\/remko-remont-ring-scaled.jpg 1920w\" sizes=\"auto, (max-width: 768px) 100vw, 768px\" \/><\/figure>\n\n\n\n<figure class=\"wp-block-image size-large\"><img loading=\"lazy\" decoding=\"async\" width=\"768\" height=\"1024\" data-id=\"301\" src=\"https:\/\/remko.ee\/wp-content\/uploads\/2024\/09\/remko-remont-remondimees-768x1024.jpg\" alt=\"\" class=\"wp-image-301\" srcset=\"https:\/\/remko.ee\/wp-content\/uploads\/2024\/09\/remko-remont-remondimees-768x1024.jpg 768w, https:\/\/remko.ee\/wp-content\/uploads\/2024\/09\/remko-remont-remondimees-scaled-600x800.jpg 600w, https:\/\/remko.ee\/wp-content\/uploads\/2024\/09\/remko-remont-remondimees-225x300.jpg 225w, https:\/\/remko.ee\/wp-content\/uploads\/2024\/09\/remko-remont-remondimees-1152x1536.jpg 1152w, https:\/\/remko.ee\/wp-content\/uploads\/2024\/09\/remko-remont-remondimees-1536x2048.jpg 1536w, https:\/\/remko.ee\/wp-content\/uploads\/2024\/09\/remko-remont-remondimees-9x12.jpg 9w, https:\/\/remko.ee\/wp-content\/uploads\/2024\/09\/remko-remont-remondimees-scaled.jpg 1920w\" sizes=\"auto, (max-width: 768px) 100vw, 768px\" \/><\/figure>\n\n\n\n<figure class=\"wp-block-image size-large\"><img loading=\"lazy\" decoding=\"async\" width=\"1024\" height=\"768\" data-id=\"300\" src=\"https:\/\/remko.ee\/wp-content\/uploads\/2024\/09\/remko-remont-masin-1024x768.jpg\" alt=\"\" class=\"wp-image-300\" srcset=\"https:\/\/remko.ee\/wp-content\/uploads\/2024\/09\/remko-remont-masin-1024x768.jpg 1024w, https:\/\/remko.ee\/wp-content\/uploads\/2024\/09\/remko-remont-masin-scaled-600x450.jpg 600w, https:\/\/remko.ee\/wp-content\/uploads\/2024\/09\/remko-remont-masin-300x225.jpg 300w, https:\/\/remko.ee\/wp-content\/uploads\/2024\/09\/remko-remont-masin-768x576.jpg 768w, https:\/\/remko.ee\/wp-content\/uploads\/2024\/09\/remko-remont-masin-1536x1152.jpg 1536w, https:\/\/remko.ee\/wp-content\/uploads\/2024\/09\/remko-remont-masin-2048x1536.jpg 2048w, https:\/\/remko.ee\/wp-content\/uploads\/2024\/09\/remko-remont-masin-16x12.jpg 16w\" sizes=\"auto, (max-width: 1024px) 100vw, 1024px\" \/><\/figure>\n\n\n\n<figure class=\"wp-block-image size-large\"><img loading=\"lazy\" decoding=\"async\" width=\"576\" height=\"1024\" data-id=\"299\" src=\"https:\/\/remko.ee\/wp-content\/uploads\/2024\/09\/remko-remont-kraana-remont-576x1024.jpg\" alt=\"\" class=\"wp-image-299\" srcset=\"https:\/\/remko.ee\/wp-content\/uploads\/2024\/09\/remko-remont-kraana-remont-576x1024.jpg 576w, https:\/\/remko.ee\/wp-content\/uploads\/2024\/09\/remko-remont-kraana-remont-scaled-600x1067.jpg 600w, https:\/\/remko.ee\/wp-content\/uploads\/2024\/09\/remko-remont-kraana-remont-169x300.jpg 169w, https:\/\/remko.ee\/wp-content\/uploads\/2024\/09\/remko-remont-kraana-remont-768x1365.jpg 768w, https:\/\/remko.ee\/wp-content\/uploads\/2024\/09\/remko-remont-kraana-remont-864x1536.jpg 864w, https:\/\/remko.ee\/wp-content\/uploads\/2024\/09\/remko-remont-kraana-remont-1152x2048.jpg 1152w, https:\/\/remko.ee\/wp-content\/uploads\/2024\/09\/remko-remont-kraana-remont-7x12.jpg 7w, https:\/\/remko.ee\/wp-content\/uploads\/2024\/09\/remko-remont-kraana-remont-scaled.jpg 1440w\" sizes=\"auto, (max-width: 576px) 100vw, 576px\" \/><\/figure>\n\n\n\n<figure class=\"wp-block-image size-large\"><img loading=\"lazy\" decoding=\"async\" width=\"768\" height=\"1024\" data-id=\"298\" src=\"https:\/\/remko.ee\/wp-content\/uploads\/2024\/09\/remko-remont-kollane-768x1024.jpg\" alt=\"\" class=\"wp-image-298\" srcset=\"https:\/\/remko.ee\/wp-content\/uploads\/2024\/09\/remko-remont-kollane-768x1024.jpg 768w, https:\/\/remko.ee\/wp-content\/uploads\/2024\/09\/remko-remont-kollane-scaled-600x800.jpg 600w, https:\/\/remko.ee\/wp-content\/uploads\/2024\/09\/remko-remont-kollane-225x300.jpg 225w, https:\/\/remko.ee\/wp-content\/uploads\/2024\/09\/remko-remont-kollane-1152x1536.jpg 1152w, https:\/\/remko.ee\/wp-content\/uploads\/2024\/09\/remko-remont-kollane-1536x2048.jpg 1536w, https:\/\/remko.ee\/wp-content\/uploads\/2024\/09\/remko-remont-kollane-9x12.jpg 9w, https:\/\/remko.ee\/wp-content\/uploads\/2024\/09\/remko-remont-kollane-scaled.jpg 1920w\" sizes=\"auto, (max-width: 768px) 100vw, 768px\" \/><\/figure>\n\n\n\n<figure class=\"wp-block-image size-large\"><img loading=\"lazy\" decoding=\"async\" width=\"768\" height=\"1024\" data-id=\"297\" src=\"https:\/\/remko.ee\/wp-content\/uploads\/2024\/09\/remko-remont-kaigukast-768x1024.jpg\" alt=\"\" class=\"wp-image-297\" srcset=\"https:\/\/remko.ee\/wp-content\/uploads\/2024\/09\/remko-remont-kaigukast-768x1024.jpg 768w, https:\/\/remko.ee\/wp-content\/uploads\/2024\/09\/remko-remont-kaigukast-scaled-600x800.jpg 600w, https:\/\/remko.ee\/wp-content\/uploads\/2024\/09\/remko-remont-kaigukast-225x300.jpg 225w, https:\/\/remko.ee\/wp-content\/uploads\/2024\/09\/remko-remont-kaigukast-1152x1536.jpg 1152w, https:\/\/remko.ee\/wp-content\/uploads\/2024\/09\/remko-remont-kaigukast-1536x2048.jpg 1536w, https:\/\/remko.ee\/wp-content\/uploads\/2024\/09\/remko-remont-kaigukast-9x12.jpg 9w, https:\/\/remko.ee\/wp-content\/uploads\/2024\/09\/remko-remont-kaigukast-scaled.jpg 1920w\" sizes=\"auto, (max-width: 768px) 100vw, 768px\" \/><\/figure>\n\n\n\n<figure class=\"wp-block-image size-large\"><img loading=\"lazy\" decoding=\"async\" width=\"768\" height=\"1024\" data-id=\"296\" src=\"https:\/\/remko.ee\/wp-content\/uploads\/2024\/09\/remko-remont-hammasrattad-768x1024.jpg\" alt=\"\" class=\"wp-image-296\" srcset=\"https:\/\/remko.ee\/wp-content\/uploads\/2024\/09\/remko-remont-hammasrattad-768x1024.jpg 768w, https:\/\/remko.ee\/wp-content\/uploads\/2024\/09\/remko-remont-hammasrattad-scaled-600x800.jpg 600w, https:\/\/remko.ee\/wp-content\/uploads\/2024\/09\/remko-remont-hammasrattad-225x300.jpg 225w, https:\/\/remko.ee\/wp-content\/uploads\/2024\/09\/remko-remont-hammasrattad-1152x1536.jpg 1152w, https:\/\/remko.ee\/wp-content\/uploads\/2024\/09\/remko-remont-hammasrattad-1536x2048.jpg 1536w, https:\/\/remko.ee\/wp-content\/uploads\/2024\/09\/remko-remont-hammasrattad-9x12.jpg 9w, https:\/\/remko.ee\/wp-content\/uploads\/2024\/09\/remko-remont-hammasrattad-scaled.jpg 1920w\" sizes=\"auto, (max-width: 768px) 100vw, 768px\" \/><\/figure>\n\n\n\n<figure class=\"wp-block-image size-large\"><img loading=\"lazy\" decoding=\"async\" width=\"768\" height=\"1024\" data-id=\"295\" src=\"https:\/\/remko.ee\/wp-content\/uploads\/2024\/09\/remko-remont-grupp-768x1024.jpg\" alt=\"\" class=\"wp-image-295\" srcset=\"https:\/\/remko.ee\/wp-content\/uploads\/2024\/09\/remko-remont-grupp-768x1024.jpg 768w, https:\/\/remko.ee\/wp-content\/uploads\/2024\/09\/remko-remont-grupp-600x800.jpg 600w, https:\/\/remko.ee\/wp-content\/uploads\/2024\/09\/remko-remont-grupp-225x300.jpg 225w, https:\/\/remko.ee\/wp-content\/uploads\/2024\/09\/remko-remont-grupp-1152x1536.jpg 1152w, https:\/\/remko.ee\/wp-content\/uploads\/2024\/09\/remko-remont-grupp-9x12.jpg 9w, https:\/\/remko.ee\/wp-content\/uploads\/2024\/09\/remko-remont-grupp.jpg 1512w\" sizes=\"auto, (max-width: 768px) 100vw, 768px\" \/><\/figure>\n\n\n\n<figure class=\"wp-block-image size-large\"><img loading=\"lazy\" decoding=\"async\" width=\"768\" height=\"1024\" data-id=\"294\" src=\"https:\/\/remko.ee\/wp-content\/uploads\/2024\/09\/remko-remont-grupp-1-768x1024.jpg\" alt=\"\" class=\"wp-image-294\" srcset=\"https:\/\/remko.ee\/wp-content\/uploads\/2024\/09\/remko-remont-grupp-1-768x1024.jpg 768w, https:\/\/remko.ee\/wp-content\/uploads\/2024\/09\/remko-remont-grupp-1-scaled-600x800.jpg 600w, https:\/\/remko.ee\/wp-content\/uploads\/2024\/09\/remko-remont-grupp-1-225x300.jpg 225w, https:\/\/remko.ee\/wp-content\/uploads\/2024\/09\/remko-remont-grupp-1-1152x1536.jpg 1152w, https:\/\/remko.ee\/wp-content\/uploads\/2024\/09\/remko-remont-grupp-1-1536x2048.jpg 1536w, https:\/\/remko.ee\/wp-content\/uploads\/2024\/09\/remko-remont-grupp-1-9x12.jpg 9w, https:\/\/remko.ee\/wp-content\/uploads\/2024\/09\/remko-remont-grupp-1-scaled.jpg 1920w\" sizes=\"auto, (max-width: 768px) 100vw, 768px\" \/><\/figure>\n\n\n\n<figure class=\"wp-block-image size-large\"><img loading=\"lazy\" decoding=\"async\" width=\"1024\" height=\"576\" data-id=\"293\" src=\"https:\/\/remko.ee\/wp-content\/uploads\/2024\/09\/remko-remont-elektriskeemid-1024x576.jpg\" alt=\"\" class=\"wp-image-293\" srcset=\"https:\/\/remko.ee\/wp-content\/uploads\/2024\/09\/remko-remont-elektriskeemid-1024x576.jpg 1024w, https:\/\/remko.ee\/wp-content\/uploads\/2024\/09\/remko-remont-elektriskeemid-scaled-600x338.jpg 600w, https:\/\/remko.ee\/wp-content\/uploads\/2024\/09\/remko-remont-elektriskeemid-300x169.jpg 300w, https:\/\/remko.ee\/wp-content\/uploads\/2024\/09\/remko-remont-elektriskeemid-768x432.jpg 768w, https:\/\/remko.ee\/wp-content\/uploads\/2024\/09\/remko-remont-elektriskeemid-1536x864.jpg 1536w, https:\/\/remko.ee\/wp-content\/uploads\/2024\/09\/remko-remont-elektriskeemid-2048x1152.jpg 2048w, https:\/\/remko.ee\/wp-content\/uploads\/2024\/09\/remko-remont-elektriskeemid-18x10.jpg 18w\" sizes=\"auto, (max-width: 1024px) 100vw, 1024px\" \/><\/figure>\n\n\n\n<figure class=\"wp-block-image size-large\"><img loading=\"lazy\" decoding=\"async\" width=\"768\" height=\"1024\" data-id=\"292\" src=\"https:\/\/remko.ee\/wp-content\/uploads\/2024\/09\/ReduktorTTU-768x1024.jpg\" alt=\"\" class=\"wp-image-292\" srcset=\"https:\/\/remko.ee\/wp-content\/uploads\/2024\/09\/ReduktorTTU-768x1024.jpg 768w, https:\/\/remko.ee\/wp-content\/uploads\/2024\/09\/ReduktorTTU-scaled-600x800.jpg 600w, https:\/\/remko.ee\/wp-content\/uploads\/2024\/09\/ReduktorTTU-225x300.jpg 225w, https:\/\/remko.ee\/wp-content\/uploads\/2024\/09\/ReduktorTTU-1152x1536.jpg 1152w, https:\/\/remko.ee\/wp-content\/uploads\/2024\/09\/ReduktorTTU-1536x2048.jpg 1536w, https:\/\/remko.ee\/wp-content\/uploads\/2024\/09\/ReduktorTTU-9x12.jpg 9w, https:\/\/remko.ee\/wp-content\/uploads\/2024\/09\/ReduktorTTU-scaled.jpg 1920w\" sizes=\"auto, (max-width: 768px) 100vw, 768px\" \/><\/figure>\n\n\n\n<figure class=\"wp-block-image size-large\"><img loading=\"lazy\" decoding=\"async\" width=\"768\" height=\"1024\" data-id=\"291\" src=\"https:\/\/remko.ee\/wp-content\/uploads\/2024\/09\/ReduktorTTU-3taastatud-vint-voll-768x1024.jpg\" alt=\"\" class=\"wp-image-291\" srcset=\"https:\/\/remko.ee\/wp-content\/uploads\/2024\/09\/ReduktorTTU-3taastatud-vint-voll-768x1024.jpg 768w, https:\/\/remko.ee\/wp-content\/uploads\/2024\/09\/ReduktorTTU-3taastatud-vint-voll-scaled-600x800.jpg 600w, https:\/\/remko.ee\/wp-content\/uploads\/2024\/09\/ReduktorTTU-3taastatud-vint-voll-225x300.jpg 225w, https:\/\/remko.ee\/wp-content\/uploads\/2024\/09\/ReduktorTTU-3taastatud-vint-voll-1152x1536.jpg 1152w, https:\/\/remko.ee\/wp-content\/uploads\/2024\/09\/ReduktorTTU-3taastatud-vint-voll-1536x2048.jpg 1536w, https:\/\/remko.ee\/wp-content\/uploads\/2024\/09\/ReduktorTTU-3taastatud-vint-voll-9x12.jpg 9w, https:\/\/remko.ee\/wp-content\/uploads\/2024\/09\/ReduktorTTU-3taastatud-vint-voll-scaled.jpg 1920w\" sizes=\"auto, (max-width: 768px) 100vw, 768px\" \/><\/figure>\n\n\n\n<figure class=\"wp-block-image size-large\"><img loading=\"lazy\" decoding=\"async\" width=\"768\" height=\"1024\" data-id=\"290\" src=\"https:\/\/remko.ee\/wp-content\/uploads\/2024\/09\/Reduktori-voll-768x1024.jpg\" alt=\"\" class=\"wp-image-290\" srcset=\"https:\/\/remko.ee\/wp-content\/uploads\/2024\/09\/Reduktori-voll-768x1024.jpg 768w, https:\/\/remko.ee\/wp-content\/uploads\/2024\/09\/Reduktori-voll-scaled-600x800.jpg 600w, https:\/\/remko.ee\/wp-content\/uploads\/2024\/09\/Reduktori-voll-225x300.jpg 225w, https:\/\/remko.ee\/wp-content\/uploads\/2024\/09\/Reduktori-voll-1152x1536.jpg 1152w, https:\/\/remko.ee\/wp-content\/uploads\/2024\/09\/Reduktori-voll-1536x2048.jpg 1536w, https:\/\/remko.ee\/wp-content\/uploads\/2024\/09\/Reduktori-voll-9x12.jpg 9w, https:\/\/remko.ee\/wp-content\/uploads\/2024\/09\/Reduktori-voll-scaled.jpg 1920w\" sizes=\"auto, (max-width: 768px) 100vw, 768px\" \/><\/figure>\n\n\n\n<figure class=\"wp-block-image size-large\"><img loading=\"lazy\" decoding=\"async\" width=\"768\" height=\"1024\" data-id=\"289\" src=\"https:\/\/remko.ee\/wp-content\/uploads\/2024\/09\/Pneumosilinder-768x1024.jpg\" alt=\"\" class=\"wp-image-289\" srcset=\"https:\/\/remko.ee\/wp-content\/uploads\/2024\/09\/Pneumosilinder-768x1024.jpg 768w, https:\/\/remko.ee\/wp-content\/uploads\/2024\/09\/Pneumosilinder-scaled-600x800.jpg 600w, https:\/\/remko.ee\/wp-content\/uploads\/2024\/09\/Pneumosilinder-225x300.jpg 225w, https:\/\/remko.ee\/wp-content\/uploads\/2024\/09\/Pneumosilinder-1152x1536.jpg 1152w, https:\/\/remko.ee\/wp-content\/uploads\/2024\/09\/Pneumosilinder-1536x2048.jpg 1536w, https:\/\/remko.ee\/wp-content\/uploads\/2024\/09\/Pneumosilinder-9x12.jpg 9w, https:\/\/remko.ee\/wp-content\/uploads\/2024\/09\/Pneumosilinder-scaled.jpg 1920w\" sizes=\"auto, (max-width: 768px) 100vw, 768px\" \/><\/figure>\n\n\n\n<figure class=\"wp-block-image size-large\"><img loading=\"lazy\" decoding=\"async\" width=\"768\" height=\"1024\" data-id=\"288\" src=\"https:\/\/remko.ee\/wp-content\/uploads\/2024\/09\/Omaparane-Balkancar-telfer-768x1024.jpg\" alt=\"\" class=\"wp-image-288\" srcset=\"https:\/\/remko.ee\/wp-content\/uploads\/2024\/09\/Omaparane-Balkancar-telfer-768x1024.jpg 768w, https:\/\/remko.ee\/wp-content\/uploads\/2024\/09\/Omaparane-Balkancar-telfer-600x800.jpg 600w, https:\/\/remko.ee\/wp-content\/uploads\/2024\/09\/Omaparane-Balkancar-telfer-225x300.jpg 225w, https:\/\/remko.ee\/wp-content\/uploads\/2024\/09\/Omaparane-Balkancar-telfer-9x12.jpg 9w, https:\/\/remko.ee\/wp-content\/uploads\/2024\/09\/Omaparane-Balkancar-telfer.jpg 1080w\" sizes=\"auto, (max-width: 768px) 100vw, 768px\" \/><\/figure>\n\n\n\n<figure class=\"wp-block-image size-large\"><img loading=\"lazy\" decoding=\"async\" width=\"1024\" height=\"768\" data-id=\"250\" src=\"https:\/\/remko.ee\/wp-content\/uploads\/2024\/09\/remko_saekaater-1024x768.jpg\" alt=\"\" class=\"wp-image-250\" srcset=\"https:\/\/remko.ee\/wp-content\/uploads\/2024\/09\/remko_saekaater-1024x768.jpg 1024w, https:\/\/remko.ee\/wp-content\/uploads\/2024\/09\/remko_saekaater-scaled-600x450.jpg 600w, https:\/\/remko.ee\/wp-content\/uploads\/2024\/09\/remko_saekaater-300x225.jpg 300w, https:\/\/remko.ee\/wp-content\/uploads\/2024\/09\/remko_saekaater-768x576.jpg 768w, https:\/\/remko.ee\/wp-content\/uploads\/2024\/09\/remko_saekaater-1536x1152.jpg 1536w, https:\/\/remko.ee\/wp-content\/uploads\/2024\/09\/remko_saekaater-2048x1536.jpg 2048w, https:\/\/remko.ee\/wp-content\/uploads\/2024\/09\/remko_saekaater-16x12.jpg 16w\" sizes=\"auto, (max-width: 1024px) 100vw, 1024px\" \/><\/figure>\n\n\n\n<figure class=\"wp-block-image size-large\"><img loading=\"lazy\" decoding=\"async\" width=\"1024\" height=\"490\" data-id=\"249\" src=\"https:\/\/remko.ee\/wp-content\/uploads\/2024\/09\/remko_pink-1024x490.jpg\" alt=\"\" class=\"wp-image-249\" srcset=\"https:\/\/remko.ee\/wp-content\/uploads\/2024\/09\/remko_pink-1024x490.jpg 1024w, https:\/\/remko.ee\/wp-content\/uploads\/2024\/09\/remko_pink-scaled-600x287.jpg 600w, https:\/\/remko.ee\/wp-content\/uploads\/2024\/09\/remko_pink-300x143.jpg 300w, https:\/\/remko.ee\/wp-content\/uploads\/2024\/09\/remko_pink-768x367.jpg 768w, https:\/\/remko.ee\/wp-content\/uploads\/2024\/09\/remko_pink-1536x734.jpg 1536w, https:\/\/remko.ee\/wp-content\/uploads\/2024\/09\/remko_pink-2048x979.jpg 2048w, https:\/\/remko.ee\/wp-content\/uploads\/2024\/09\/remko_pink-18x9.jpg 18w\" sizes=\"auto, (max-width: 1024px) 100vw, 1024px\" \/><\/figure>\n\n\n\n<figure class=\"wp-block-image size-large\"><img loading=\"lazy\" decoding=\"async\" width=\"1024\" height=\"768\" data-id=\"248\" src=\"https:\/\/remko.ee\/wp-content\/uploads\/2024\/09\/remko_masin-1024x768.jpg\" alt=\"\" class=\"wp-image-248\" srcset=\"https:\/\/remko.ee\/wp-content\/uploads\/2024\/09\/remko_masin-1024x768.jpg 1024w, https:\/\/remko.ee\/wp-content\/uploads\/2024\/09\/remko_masin-scaled-600x450.jpg 600w, https:\/\/remko.ee\/wp-content\/uploads\/2024\/09\/remko_masin-300x225.jpg 300w, https:\/\/remko.ee\/wp-content\/uploads\/2024\/09\/remko_masin-768x576.jpg 768w, https:\/\/remko.ee\/wp-content\/uploads\/2024\/09\/remko_masin-1536x1152.jpg 1536w, https:\/\/remko.ee\/wp-content\/uploads\/2024\/09\/remko_masin-2048x1536.jpg 2048w, https:\/\/remko.ee\/wp-content\/uploads\/2024\/09\/remko_masin-16x12.jpg 16w\" sizes=\"auto, (max-width: 1024px) 100vw, 1024px\" \/><\/figure>\n<\/figure>\n<\/div>\n<\/div>","protected":false},"excerpt":{"rendered":"<p>Meie varasemalt tehtud t\u00f6\u00f6d Antud gallerii ei ole l\u00f5plik.<\/p>","protected":false},"author":1,"featured_media":0,"parent":0,"menu_order":0,"comment_status":"closed","ping_status":"closed","template":"","meta":{"footnotes":""},"class_list":["post-287","page","type-page","status-publish","hentry"],"aioseo_notices":[],"_links":{"self":[{"href":"https:\/\/remko.ee\/en\/wp-json\/wp\/v2\/pages\/287","targetHints":{"allow":["GET"]}}],"collection":[{"href":"https:\/\/remko.ee\/en\/wp-json\/wp\/v2\/pages"}],"about":[{"href":"https:\/\/remko.ee\/en\/wp-json\/wp\/v2\/types\/page"}],"author":[{"embeddable":true,"href":"https:\/\/remko.ee\/en\/wp-json\/wp\/v2\/users\/1"}],"replies":[{"embeddable":true,"href":"https:\/\/remko.ee\/en\/wp-json\/wp\/v2\/comments?post=287"}],"version-history":[{"count":3,"href":"https:\/\/remko.ee\/en\/wp-json\/wp\/v2\/pages\/287\/revisions"}],"predecessor-version":[{"id":329,"href":"https:\/\/remko.ee\/en\/wp-json\/wp\/v2\/pages\/287\/revisions\/329"}],"wp:attachment":[{"href":"https:\/\/remko.ee\/en\/wp-json\/wp\/v2\/media?parent=287"}],"curies":[{"name":"wp","href":"https:\/\/api.w.org\/{rel}","templated":true}]}}