{"id":21,"date":"2024-03-31T18:05:48","date_gmt":"2024-03-31T18:05:48","guid":{"rendered":"https:\/\/remko.eeteenused\/"},"modified":"2025-07-24T07:43:48","modified_gmt":"2025-07-24T05:43:48","slug":"teenused","status":"publish","type":"page","link":"https:\/\/remko.ee\/en\/services\/","title":{"rendered":"Services"},"content":{"rendered":"<div class=\"wp-block-group alignwide has-global-padding is-content-justification-center is-layout-constrained wp-block-group-is-layout-constrained\">\n<h2 class=\"wp-block-heading has-text-align-center\" style=\"padding-top:var(--wp--preset--spacing--20);padding-bottom:var(--wp--preset--spacing--20)\">Industrial equipment repair services<\/h2>\n\n\n\n<p class=\"has-text-align-center\">We offer a wide range of services to get your industrial equipment up and running again. Our specialists can help with both small and large repairs.<\/p>\n<\/div>\n\n\n\n<div class=\"wp-block-columns alignwide is-layout-flex wp-container-core-columns-is-layout-28f84493 wp-block-columns-is-layout-flex\">\n<div class=\"wp-block-column is-layout-flow wp-block-column-is-layout-flow\">\n<figure class=\"wp-block-image size-full is-resized\"><img loading=\"lazy\" decoding=\"async\" width=\"2560\" height=\"1920\" src=\"https:\/\/remko.ee\/wp-content\/uploads\/2024\/09\/remko_masin-scaled.jpg\" alt=\"\" class=\"wp-image-248\" style=\"aspect-ratio:4\/3;object-fit:cover;width:624px;height:auto\" srcset=\"https:\/\/remko.ee\/wp-content\/uploads\/2024\/09\/remko_masin-scaled.jpg 2560w, https:\/\/remko.ee\/wp-content\/uploads\/2024\/09\/remko_masin-scaled-600x450.jpg 600w, https:\/\/remko.ee\/wp-content\/uploads\/2024\/09\/remko_masin-300x225.jpg 300w, https:\/\/remko.ee\/wp-content\/uploads\/2024\/09\/remko_masin-1024x768.jpg 1024w, https:\/\/remko.ee\/wp-content\/uploads\/2024\/09\/remko_masin-768x576.jpg 768w, https:\/\/remko.ee\/wp-content\/uploads\/2024\/09\/remko_masin-1536x1152.jpg 1536w, https:\/\/remko.ee\/wp-content\/uploads\/2024\/09\/remko_masin-2048x1536.jpg 2048w, https:\/\/remko.ee\/wp-content\/uploads\/2024\/09\/remko_masin-16x12.jpg 16w\" sizes=\"auto, (max-width: 2560px) 100vw, 2560px\" \/><\/figure>\n<\/div>\n\n\n\n<div class=\"wp-block-column is-layout-flow wp-block-column-is-layout-flow\">\n<div class=\"wp-block-group has-global-padding is-layout-constrained wp-block-group-is-layout-constrained\">\n<h4 class=\"wp-block-heading\">Repair of industrial equipment<\/h4>\n\n\n\n<p>Remko Remont specializes in the repair and maintenance of various industrial equipment:<\/p>\n\n\n\n<ul class=\"wp-block-list\">\n<li>Repair of lifting equipment: cranes, hoists, etc.<\/li>\n\n\n\n<li>Repair of crane lifts<\/li>\n\n\n\n<li>Repair of welding equipment<\/li>\n\n\n\n<li>Reductors and gearbox repair<\/li>\n\n\n\n<li>Moving, assembly and installation of equipment<\/li>\n\n\n\n<li>Electrical works<\/li>\n\n\n\n<li>Updating electrical diagrams<\/li>\n\n\n\n<li>Device control with controllers<\/li>\n\n\n\n<li>Repair of hydraulic and pneumatic equipment<\/li>\n\n\n\n<li>Prototyping<\/li>\n<\/ul>\n<\/div>\n<\/div>\n<\/div>\n\n\n\n<div class=\"wp-block-columns alignwide is-layout-flex wp-container-core-columns-is-layout-28f84493 wp-block-columns-is-layout-flex\">\n<div class=\"wp-block-column is-layout-flow wp-block-column-is-layout-flow\">\n<div class=\"wp-block-group has-global-padding is-layout-constrained wp-block-group-is-layout-constrained\">\n<h4 class=\"wp-block-heading\">Remko workshop<\/h4>\n\n\n\n<p>We have a repair base in Tallinn at Paavli 6, where we carry out:<\/p>\n\n\n\n<ul class=\"wp-block-list\">\n<li>Turning works<\/li>\n\n\n\n<li>Milling work<\/li>\n\n\n\n<li>Flat sanding (up to 1200mm)<\/li>\n\n\n\n<li>Thermal processing<\/li>\n\n\n\n<li>Groove cutter<\/li>\n\n\n\n<li>Welding work<\/li>\n\n\n\n<li>Press 100t<\/li>\n<\/ul>\n\n\n\n<p>If necessary, we will drive to the customer's premises. <\/p>\n<\/div>\n<\/div>\n\n\n\n<div class=\"wp-block-column is-layout-flow wp-block-column-is-layout-flow\">\n<figure class=\"wp-block-image size-full is-resized\"><img loading=\"lazy\" decoding=\"async\" width=\"2560\" height=\"1920\" src=\"https:\/\/remko.ee\/wp-content\/uploads\/2024\/09\/remko_saekaater-scaled.jpg\" alt=\"\" class=\"wp-image-250\" style=\"aspect-ratio:4\/3;object-fit:cover;width:624px;height:auto\" srcset=\"https:\/\/remko.ee\/wp-content\/uploads\/2024\/09\/remko_saekaater-scaled.jpg 2560w, https:\/\/remko.ee\/wp-content\/uploads\/2024\/09\/remko_saekaater-scaled-600x450.jpg 600w, https:\/\/remko.ee\/wp-content\/uploads\/2024\/09\/remko_saekaater-300x225.jpg 300w, https:\/\/remko.ee\/wp-content\/uploads\/2024\/09\/remko_saekaater-1024x768.jpg 1024w, https:\/\/remko.ee\/wp-content\/uploads\/2024\/09\/remko_saekaater-768x576.jpg 768w, https:\/\/remko.ee\/wp-content\/uploads\/2024\/09\/remko_saekaater-1536x1152.jpg 1536w, https:\/\/remko.ee\/wp-content\/uploads\/2024\/09\/remko_saekaater-2048x1536.jpg 2048w, https:\/\/remko.ee\/wp-content\/uploads\/2024\/09\/remko_saekaater-16x12.jpg 16w\" sizes=\"auto, (max-width: 2560px) 100vw, 2560px\" \/><\/figure>\n<\/div>\n<\/div>\n\n\n\n<div class=\"wp-block-group alignwide has-foreground-color has-primary-background-color has-text-color has-background has-link-color wp-elements-14e6d17d99c5966515bdd921d3cab921 has-global-padding is-layout-constrained wp-block-group-is-layout-constrained\" style=\"border-style:none;border-width:0px;border-radius:25px;padding-top:var(--wp--preset--spacing--30);padding-bottom:var(--wp--preset--spacing--30)\">\n<div class=\"wp-block-columns alignwide is-layout-flex wp-container-core-columns-is-layout-954ec4bb wp-block-columns-is-layout-flex\" style=\"padding-right:var(--wp--preset--spacing--40);padding-left:var(--wp--preset--spacing--40)\">\n<div class=\"wp-block-column is-layout-flow wp-block-column-is-layout-flow\" style=\"flex-basis:66.66%\">\n<p class=\"has-text-align-left has-medium-font-size\">Machine not working as expected? <br>Get in touch, we will make a diagnosis and offer a price.<\/p>\n<\/div>\n\n\n\n<div class=\"wp-block-column is-layout-flow wp-block-column-is-layout-flow\" style=\"flex-basis:33.33%\">\n<div class=\"wp-block-buttons is-content-justification-right is-layout-flex wp-container-core-buttons-is-layout-d445cf74 wp-block-buttons-is-layout-flex\">\n<div class=\"wp-block-button\"><a class=\"wp-block-button__link has-custom-color-2-background-color has-background wp-element-button\" href=\"https:\/\/remko.ee\/en\/kontakt\/\">Contact us<\/a><\/div>\n<\/div>\n<\/div>\n<\/div>\n<\/div>\n\n\n\n<div class=\"wp-block-columns alignwide is-layout-flex wp-container-core-columns-is-layout-28f84493 wp-block-columns-is-layout-flex\">\n<div class=\"wp-block-column is-vertically-aligned-top is-layout-flow wp-block-column-is-layout-flow\">\n<div class=\"wp-block-group has-global-padding is-layout-constrained wp-block-group-is-layout-constrained\">\n<h4 class=\"wp-block-heading\">Preventive maintenance<\/h4>\n\n\n\n<p>Regular preventive maintenance is essential to avoid costly breakdowns and prolong the life of your machines.<\/p>\n\n\n\n<p>Preventive maintenance is very important in extending the life of equipment. <br>At Remko Remont, we carry out comprehensive inspection and maintenance programs according to needs. Regular inspections help identify potential problems before they become serious, thus ensuring continued operation. Let us inspect your machines, saving you time and money. <\/p>\n<\/div>\n<\/div>\n\n\n\n<div class=\"wp-block-column is-vertically-aligned-top is-layout-flow wp-block-column-is-layout-flow\">\n<figure class=\"wp-block-image alignright size-full is-resized\"><img loading=\"lazy\" decoding=\"async\" width=\"2560\" height=\"1957\" src=\"https:\/\/remko.ee\/wp-content\/uploads\/2024\/09\/remko_parandus-scaled.jpg\" alt=\"\" class=\"wp-image-266\" style=\"aspect-ratio:4\/3;object-fit:cover;width:624px\" srcset=\"https:\/\/remko.ee\/wp-content\/uploads\/2024\/09\/remko_parandus-scaled.jpg 2560w, https:\/\/remko.ee\/wp-content\/uploads\/2024\/09\/remko_parandus-scaled-600x459.jpg 600w, https:\/\/remko.ee\/wp-content\/uploads\/2024\/09\/remko_parandus-300x229.jpg 300w, https:\/\/remko.ee\/wp-content\/uploads\/2024\/09\/remko_parandus-1024x783.jpg 1024w, https:\/\/remko.ee\/wp-content\/uploads\/2024\/09\/remko_parandus-768x587.jpg 768w, https:\/\/remko.ee\/wp-content\/uploads\/2024\/09\/remko_parandus-1536x1174.jpg 1536w, https:\/\/remko.ee\/wp-content\/uploads\/2024\/09\/remko_parandus-2048x1566.jpg 2048w, https:\/\/remko.ee\/wp-content\/uploads\/2024\/09\/remko_parandus-16x12.jpg 16w\" sizes=\"auto, (max-width: 2560px) 100vw, 2560px\" \/><\/figure>\n<\/div>\n<\/div>\n\n\n\n<div class=\"wp-block-columns alignwide is-layout-flex wp-container-core-columns-is-layout-28f84493 wp-block-columns-is-layout-flex\">\n<div class=\"wp-block-column is-layout-flow wp-block-column-is-layout-flow\">\n<figure class=\"wp-block-image size-full is-resized\"><img loading=\"lazy\" decoding=\"async\" width=\"2560\" height=\"1920\" src=\"https:\/\/remko.ee\/wp-content\/uploads\/2024\/09\/remko_press-scaled.jpg\" alt=\"\" class=\"wp-image-251\" style=\"aspect-ratio:4\/3;object-fit:cover;width:624px\" srcset=\"https:\/\/remko.ee\/wp-content\/uploads\/2024\/09\/remko_press-scaled.jpg 2560w, https:\/\/remko.ee\/wp-content\/uploads\/2024\/09\/remko_press-scaled-600x450.jpg 600w, https:\/\/remko.ee\/wp-content\/uploads\/2024\/09\/remko_press-300x225.jpg 300w, https:\/\/remko.ee\/wp-content\/uploads\/2024\/09\/remko_press-1024x768.jpg 1024w, https:\/\/remko.ee\/wp-content\/uploads\/2024\/09\/remko_press-768x576.jpg 768w, https:\/\/remko.ee\/wp-content\/uploads\/2024\/09\/remko_press-1536x1152.jpg 1536w, https:\/\/remko.ee\/wp-content\/uploads\/2024\/09\/remko_press-2048x1536.jpg 2048w, https:\/\/remko.ee\/wp-content\/uploads\/2024\/09\/remko_press-16x12.jpg 16w\" sizes=\"auto, (max-width: 2560px) 100vw, 2560px\" \/><\/figure>\n<\/div>\n\n\n\n<div class=\"wp-block-column is-layout-flow wp-block-column-is-layout-flow\">\n<div class=\"wp-block-group has-global-padding is-layout-constrained wp-block-group-is-layout-constrained\">\n<h4 class=\"wp-block-heading\">Emergency calls<\/h4>\n\n\n\n<p>We are ready to respond quickly in the event of an emergency. We offer emergency services if the device has broken down and needs quick repair. <\/p>\n\n\n\n<p>Call us at +372 55 510 300 for help.<\/p>\n\n\n\n<p>We carefully replace the broken parts of the machines with new ones, procuring and using original parts. <br><\/p>\n<\/div>\n<\/div>\n<\/div>\n\n\n\n<div class=\"wp-block-columns alignwide is-layout-flex wp-container-core-columns-is-layout-28f84493 wp-block-columns-is-layout-flex\">\n<div class=\"wp-block-column is-layout-flow wp-block-column-is-layout-flow\">\n<div class=\"wp-block-group has-global-padding is-layout-constrained wp-block-group-is-layout-constrained\">\n<h4 class=\"wp-block-heading\">Replacement of spare parts <\/h4>\n\n\n\n<p>At Remko Remont, we deal with the acquisition and exchange of spare parts. <\/p>\n\n\n\n<p>We replace worn or broken parts with new ones. We diagnose the problem, source the spare parts ourselves and replace the old ones with new, ensuring equipment reliability and long life.<\/p>\n\n\n\n<p>The use of original parts from the manufacturer gives the device a longer life and more reliable operation. <\/p>\n\n\n\n<p>Please contact us if you have any questions. <\/p>\n\n\n\n<p><br><\/p>\n<\/div>\n<\/div>\n\n\n\n<div class=\"wp-block-column is-layout-flow wp-block-column-is-layout-flow\">\n<figure class=\"wp-block-image alignright size-full is-resized\"><img loading=\"lazy\" decoding=\"async\" width=\"2560\" height=\"1920\" src=\"https:\/\/remko.ee\/wp-content\/uploads\/2024\/09\/remko_loikelaud-scaled.jpg\" alt=\"\" class=\"wp-image-253\" style=\"aspect-ratio:4\/3;object-fit:cover;width:624px\" srcset=\"https:\/\/remko.ee\/wp-content\/uploads\/2024\/09\/remko_loikelaud-scaled.jpg 2560w, https:\/\/remko.ee\/wp-content\/uploads\/2024\/09\/remko_loikelaud-scaled-600x450.jpg 600w, https:\/\/remko.ee\/wp-content\/uploads\/2024\/09\/remko_loikelaud-300x225.jpg 300w, https:\/\/remko.ee\/wp-content\/uploads\/2024\/09\/remko_loikelaud-1024x768.jpg 1024w, https:\/\/remko.ee\/wp-content\/uploads\/2024\/09\/remko_loikelaud-768x576.jpg 768w, https:\/\/remko.ee\/wp-content\/uploads\/2024\/09\/remko_loikelaud-1536x1152.jpg 1536w, https:\/\/remko.ee\/wp-content\/uploads\/2024\/09\/remko_loikelaud-2048x1536.jpg 2048w, https:\/\/remko.ee\/wp-content\/uploads\/2024\/09\/remko_loikelaud-16x12.jpg 16w\" sizes=\"auto, (max-width: 2560px) 100vw, 2560px\" \/><\/figure>\n<\/div>\n<\/div>\n\n\n\n<p><\/p>","protected":false},"excerpt":{"rendered":"<p>T\u00f6\u00f6stusseadmete remonditeenused Pakume laia valikut teenuseid, et teie t\u00f6\u00f6stusseadmed saaks taas t\u00f6\u00f6korda. Meie spetsialistid oskavad aidata nii v\u00e4ikeste remontide kui suurte parandustega. T\u00f6\u00f6stusseadmete parandus Remko Remont spetsialiseerub erinevate t\u00f6\u00f6stusseadmete remondile ja hooldusele: Remko t\u00f6\u00f6koda Meil on Tallinnas, aadressil Paavli 6, remondibaas, kus teostame j\u00e4rgnevaid t\u00f6id: Vajadusel s\u00f5idame kliendi juurde kohale. Masin ei t\u00f6\u00f6ta ootusp\u00e4raselt? V\u00f5ta [&hellip;]<\/p>","protected":false},"author":1,"featured_media":0,"parent":0,"menu_order":0,"comment_status":"closed","ping_status":"closed","template":"no-title","meta":{"footnotes":""},"class_list":["post-21","page","type-page","status-publish","hentry"],"aioseo_notices":[],"_links":{"self":[{"href":"https:\/\/remko.ee\/en\/wp-json\/wp\/v2\/pages\/21","targetHints":{"allow":["GET"]}}],"collection":[{"href":"https:\/\/remko.ee\/en\/wp-json\/wp\/v2\/pages"}],"about":[{"href":"https:\/\/remko.ee\/en\/wp-json\/wp\/v2\/types\/page"}],"author":[{"embeddable":true,"href":"https:\/\/remko.ee\/en\/wp-json\/wp\/v2\/users\/1"}],"replies":[{"embeddable":true,"href":"https:\/\/remko.ee\/en\/wp-json\/wp\/v2\/comments?post=21"}],"version-history":[{"count":36,"href":"https:\/\/remko.ee\/en\/wp-json\/wp\/v2\/pages\/21\/revisions"}],"predecessor-version":[{"id":370,"href":"https:\/\/remko.ee\/en\/wp-json\/wp\/v2\/pages\/21\/revisions\/370"}],"wp:attachment":[{"href":"https:\/\/remko.ee\/en\/wp-json\/wp\/v2\/media?parent=21"}],"curies":[{"name":"wp","href":"https:\/\/api.w.org\/{rel}","templated":true}]}}